{"id":745,"date":"2021-02-21T00:26:25","date_gmt":"2021-02-20T22:26:25","guid":{"rendered":"https:\/\/bogesz.hu\/tiraz\/"},"modified":"2021-02-21T00:26:27","modified_gmt":"2021-02-20T22:26:27","slug":"tiraz","status":"publish","type":"page","link":"https:\/\/bogesz.hu\/sk\/tiraz\/","title":{"rendered":"Tir\u00e1\u017e"},"content":{"rendered":"<p>[et_pb_section fb_built=&#8220;1&#8243; _builder_version=&#8220;3.21.1&#8243;][et_pb_row _builder_version=&#8220;3.21.1&#8243;][et_pb_column type=&#8220;1_2&#8243; _builder_version=&#8220;3.21.1&#8243;][et_pb_text _builder_version=&#8220;3.21.1&#8243;]<\/p>\n<p>Az oldal \u00e9s domain tulajdonosa:<\/p>\n<p>Bogesz 2006 Kft.<\/p>\n<p>9027\u00a0Gy\u0151r\u00a0B\u00f3lyai Farkas utca 21.<\/p>\n<p>Ad\u00f3sz\u00e1ma: 26649911-2-08<\/p>\n<p>[\/et_pb_text][et_pb_image src=&#8220;https:\/\/bogesz.hu\/wp-content\/uploads\/2020\/08\/bogesz-logo_2020_200.png&#8220; _builder_version=&#8220;3.21.1&#8243;][\/et_pb_image][\/et_pb_column][et_pb_column type=&#8220;1_2&#8243; _builder_version=&#8220;3.21.1&#8243;][et_pb_text _builder_version=&#8220;3.21.1&#8243;]<\/p>\n<p>T\u00e1rhely \u00fczemeltet\u0151:<\/p>\n<p>KTS Informatika v\u00e9llalkoz\u00e1s adatai:<\/p>\n<p>Tak\u00e1cs G\u00e1bor e.v<\/p>\n<p>Ad\u00f3sz\u00e1ma: 66722560-1-28<\/p>\n<p>Nyilv\u00e1ntart\u00e1si sz\u00e1ma: 38141289<\/p>\n<p>info@kts.hu<\/p>\n<p>[\/et_pb_text][et_pb_image src=&#8220;https:\/\/bogesz.hu\/wp-content\/uploads\/2020\/08\/kts-informatika-weboldal-honlap-kesztes-gyor_3.png&#8220; _builder_version=&#8220;3.21.1&#8243;][\/et_pb_image][\/et_pb_column][\/et_pb_row][\/et_pb_section]<\/p>\n","protected":false},"excerpt":{"rendered":"<p>Az oldal \u00e9s domain tulajdonosa: Bogesz 2006 Kft. 9027\u00a0Gy\u0151r\u00a0B\u00f3lyai Farkas utca 21. Ad\u00f3sz\u00e1ma: 26649911-2-08 T\u00e1rhely \u00fczemeltet\u0151: KTS Informatika v\u00e9llalkoz\u00e1s adatai: Tak\u00e1cs G\u00e1bor e.v Ad\u00f3sz\u00e1ma: 66722560-1-28 Nyilv\u00e1ntart\u00e1si sz\u00e1ma: 38141289 info@kts.hu<\/p>\n","protected":false},"author":1,"featured_media":0,"parent":0,"menu_order":0,"comment_status":"closed","ping_status":"closed","template":"","meta":{"_et_pb_use_builder":"on","_et_pb_old_content":"","_et_gb_content_width":"","footnotes":""},"class_list":["post-745","page","type-page","status-publish","hentry"],"_links":{"self":[{"href":"https:\/\/bogesz.hu\/sk\/wp-json\/wp\/v2\/pages\/745","targetHints":{"allow":["GET"]}}],"collection":[{"href":"https:\/\/bogesz.hu\/sk\/wp-json\/wp\/v2\/pages"}],"about":[{"href":"https:\/\/bogesz.hu\/sk\/wp-json\/wp\/v2\/types\/page"}],"author":[{"embeddable":true,"href":"https:\/\/bogesz.hu\/sk\/wp-json\/wp\/v2\/users\/1"}],"replies":[{"embeddable":true,"href":"https:\/\/bogesz.hu\/sk\/wp-json\/wp\/v2\/comments?post=745"}],"version-history":[{"count":2,"href":"https:\/\/bogesz.hu\/sk\/wp-json\/wp\/v2\/pages\/745\/revisions"}],"predecessor-version":[{"id":747,"href":"https:\/\/bogesz.hu\/sk\/wp-json\/wp\/v2\/pages\/745\/revisions\/747"}],"wp:attachment":[{"href":"https:\/\/bogesz.hu\/sk\/wp-json\/wp\/v2\/media?parent=745"}],"curies":[{"name":"wp","href":"https:\/\/api.w.org\/{rel}","templated":true}]}}