{"id":717,"date":"2021-02-20T18:23:57","date_gmt":"2021-02-20T16:23:57","guid":{"rendered":"https:\/\/bogesz.hu\/kariera\/"},"modified":"2024-07-09T19:24:58","modified_gmt":"2024-07-09T17:24:58","slug":"kariera","status":"publish","type":"page","link":"https:\/\/bogesz.hu\/sk\/kariera\/","title":{"rendered":"Kari\u00e9ra"},"content":{"rendered":"<p>[et_pb_section fb_built=&#8220;1&#8243; _builder_version=&#8220;4.16&#8243; global_colors_info=&#8220;{}&#8220;][et_pb_row _builder_version=&#8220;4.16&#8243; global_colors_info=&#8220;{}&#8220; column_structure=&#8220;1_2,1_2&#8243;][et_pb_column type=&#8220;1_2&#8243; _builder_version=&#8220;4.16&#8243; custom_padding=&#8220;|||&#8220; global_colors_info=&#8220;{}&#8220; custom_padding__hover=&#8220;|||&#8220;][et_pb_text _builder_version=&#8220;4.16&#8243; global_colors_info=&#8220;{}&#8220;]<\/p>\n<h3>\u010cak\u00e1me prihl\u00e1\u0161ky na\u0161ich bud\u00facich kolegov:<\/h3>\n<p>[\/et_pb_text][et_pb_text _builder_version=&#8220;4.16&#8243; text_font=&#8220;||||||||&#8220; text_text_color=&#8220;#000000&#8243; text_font_size=&#8220;15px&#8220; global_colors_info=&#8220;{}&#8220;]<\/p>\n<p><span style=\"text-decoration: underline;\">Vo\u013en\u00e9 poz\u00edcie:<\/span><\/p>\n<p><span style=\"color: #008000;\">\u25b6<\/span>\u00a0<strong>Stroj\u00e1r \u2013 spracovanie ocele<\/strong><\/p>\n<p><strong><\/strong><\/p>\n<p><span style=\"text-decoration: underline;\">Ako sa uch\u00e1dza\u0165 o poz\u00edciu:<\/span><\/p>\n<p><span style=\"color: #008000;\">\u25b6<\/span>\u00a0Vyplnen\u00edm formul\u00e1ra vpravo<\/p>\n<p><span style=\"color: #008000;\">\u25b6<\/span>\u00a0Pripojenie profesion\u00e1lneho \u017eivotopisu s fotkou<\/p>\n<p>&nbsp;<\/p>\n<p><span style=\"text-decoration: underline;\">\u010co pon\u00fakame:<\/span><\/p>\n<p><span style=\"color: #008000;\">\u25b6<\/span>\u00a0S\u00fastavn\u00fa pr\u00e1cu na TPP<\/p>\n<p><span style=\"color: #008000;\">\u25b6<\/span>\u00a0Adekv\u00e1tne finan\u010dn\u00e9 ohodnotenie<\/p>\n<p><span style=\"color: #008000;\">\u25b6<\/span>\u00a0Mo\u017enos\u0165 profesion\u00e1lneho rastu!<\/p>\n<p>[\/et_pb_text][et_pb_text _builder_version=&#8220;4.16&#8243; text_font=&#8220;||||||||&#8220; text_text_color=&#8220;#000000&#8243; text_font_size=&#8220;15px&#8220; custom_margin=&#8220;||&#8220; custom_padding=&#8220;20px||&#8220; global_colors_info=&#8220;{}&#8220;]<\/p>\n<p style=\"text-align: center;\">\u010cak\u00e1me na Va\u0161u prihl\u00e1\u0161ku! Zabezpe\u010dte si slu\u0161n\u00fd pr\u00edjem, pracujte pre spo\u013eahliv\u00fa a dobre platiacu ma\u010farsk\u00fa spolo\u010dnos\u0165! <br \/>Dobr\u00e9 a spravodliv\u00e9 pracovn\u00e9 podmienky, ist\u00e9 platy.\u00a0<\/p>\n<p style=\"text-align: center;\">M\u00e1te ot\u00e1zku? Chcete to sk\u00fasi\u0165?<br \/> Zavolajte n\u00e1m.<\/p>\n<p>[\/et_pb_text][\/et_pb_column][et_pb_column type=&#8220;1_2&#8243; _builder_version=&#8220;4.16&#8243; custom_padding=&#8220;|||&#8220; global_colors_info=&#8220;{}&#8220; custom_padding__hover=&#8220;|||&#8220;][et_pb_contact_form _builder_version=&#8220;4.16&#8243; _unique_id=&#8220;92e5b54a-48de-4493-a212-044d75b7308a&#8220; global_colors_info=&#8220;{}&#8220;][et_pb_contact_field field_id=&#8220;Name&#8220; field_title=&#8220;N\u00e1zov&#8220; _builder_version=&#8220;4.16&#8243; global_colors_info=&#8220;{}&#8220; button_text_size__hover_enabled=&#8220;off&#8220; button_one_text_size__hover_enabled=&#8220;off&#8220; button_two_text_size__hover_enabled=&#8220;off&#8220; button_text_color__hover_enabled=&#8220;off&#8220; button_one_text_color__hover_enabled=&#8220;off&#8220; button_two_text_color__hover_enabled=&#8220;off&#8220; button_border_width__hover_enabled=&#8220;off&#8220; button_one_border_width__hover_enabled=&#8220;off&#8220; button_two_border_width__hover_enabled=&#8220;off&#8220; button_border_color__hover_enabled=&#8220;off&#8220; button_one_border_color__hover_enabled=&#8220;off&#8220; button_two_border_color__hover_enabled=&#8220;off&#8220; button_border_radius__hover_enabled=&#8220;off&#8220; button_one_border_radius__hover_enabled=&#8220;off&#8220; button_two_border_radius__hover_enabled=&#8220;off&#8220; button_letter_spacing__hover_enabled=&#8220;off&#8220; button_one_letter_spacing__hover_enabled=&#8220;off&#8220; button_two_letter_spacing__hover_enabled=&#8220;off&#8220; button_bg_color__hover_enabled=&#8220;off&#8220; button_one_bg_color__hover_enabled=&#8220;off&#8220; button_two_bg_color__hover_enabled=&#8220;off&#8220;][\/et_pb_contact_field][et_pb_contact_field field_id=&#8220;Email&#8220; field_title=&#8220;Emailov\u00e1 adresa&#8220; field_type=&#8220;email&#8220; _builder_version=&#8220;4.16&#8243; global_colors_info=&#8220;{}&#8220; button_text_size__hover_enabled=&#8220;off&#8220; button_one_text_size__hover_enabled=&#8220;off&#8220; button_two_text_size__hover_enabled=&#8220;off&#8220; button_text_color__hover_enabled=&#8220;off&#8220; button_one_text_color__hover_enabled=&#8220;off&#8220; button_two_text_color__hover_enabled=&#8220;off&#8220; button_border_width__hover_enabled=&#8220;off&#8220; button_one_border_width__hover_enabled=&#8220;off&#8220; button_two_border_width__hover_enabled=&#8220;off&#8220; button_border_color__hover_enabled=&#8220;off&#8220; button_one_border_color__hover_enabled=&#8220;off&#8220; button_two_border_color__hover_enabled=&#8220;off&#8220; button_border_radius__hover_enabled=&#8220;off&#8220; button_one_border_radius__hover_enabled=&#8220;off&#8220; button_two_border_radius__hover_enabled=&#8220;off&#8220; button_letter_spacing__hover_enabled=&#8220;off&#8220; button_one_letter_spacing__hover_enabled=&#8220;off&#8220; button_two_letter_spacing__hover_enabled=&#8220;off&#8220; button_bg_color__hover_enabled=&#8220;off&#8220; button_one_bg_color__hover_enabled=&#8220;off&#8220; button_two_bg_color__hover_enabled=&#8220;off&#8220;][\/et_pb_contact_field][et_pb_contact_field field_id=&#8220;Message&#8220; field_title=&#8220;Spr\u00e1va&#8220; field_type=&#8220;text&#8220; fullwidth_field=&#8220;on&#8220; _builder_version=&#8220;4.16&#8243; global_colors_info=&#8220;{}&#8220; button_text_size__hover_enabled=&#8220;off&#8220; button_one_text_size__hover_enabled=&#8220;off&#8220; button_two_text_size__hover_enabled=&#8220;off&#8220; button_text_color__hover_enabled=&#8220;off&#8220; button_one_text_color__hover_enabled=&#8220;off&#8220; button_two_text_color__hover_enabled=&#8220;off&#8220; button_border_width__hover_enabled=&#8220;off&#8220; button_one_border_width__hover_enabled=&#8220;off&#8220; button_two_border_width__hover_enabled=&#8220;off&#8220; button_border_color__hover_enabled=&#8220;off&#8220; button_one_border_color__hover_enabled=&#8220;off&#8220; button_two_border_color__hover_enabled=&#8220;off&#8220; button_border_radius__hover_enabled=&#8220;off&#8220; button_one_border_radius__hover_enabled=&#8220;off&#8220; button_two_border_radius__hover_enabled=&#8220;off&#8220; button_letter_spacing__hover_enabled=&#8220;off&#8220; button_one_letter_spacing__hover_enabled=&#8220;off&#8220; button_two_letter_spacing__hover_enabled=&#8220;off&#8220; button_bg_color__hover_enabled=&#8220;off&#8220; button_one_bg_color__hover_enabled=&#8220;off&#8220; button_two_bg_color__hover_enabled=&#8220;off&#8220;][\/et_pb_contact_field][et_pb_contact_field field_id=&#8220;Phone&#8220; field_title=&#8220;Va\u0161e tel. \u010d\u00edslo (pre pr\u00edpad sp\u00e4tn\u00e9ho kontaktovania)&#8220; fullwidth_field=&#8220;on&#8220; _builder_version=&#8220;4.16&#8243; global_colors_info=&#8220;{}&#8220;][\/et_pb_contact_field][et_pb_contact_field field_id=&#8220;Field_5&#8243; field_type=&#8220;select&#8220; select_options=&#8220;%91{%22value%22:%22%22,%22checked%22:0,%22dragID%22:-1}%93&#8243; fullwidth_field=&#8220;on&#8220; _builder_version=&#8220;4.16&#8243; global_colors_info=&#8220;{}&#8220;][\/et_pb_contact_field][\/et_pb_contact_form][\/et_pb_column][\/et_pb_row][\/et_pb_section]<\/p>\n","protected":false},"excerpt":{"rendered":"<p>\u010cak\u00e1me prihl\u00e1\u0161ky na\u0161ich bud\u00facich kolegov:Vo\u013en\u00e9 poz\u00edcie: \u25b6\u00a0Stroj\u00e1r \u2013 spracovanie ocele Ako sa uch\u00e1dza\u0165 o poz\u00edciu: \u25b6\u00a0Vyplnen\u00edm formul\u00e1ra vpravo \u25b6\u00a0Pripojenie profesion\u00e1lneho \u017eivotopisu s fotkou &nbsp; \u010co pon\u00fakame: \u25b6\u00a0S\u00fastavn\u00fa pr\u00e1cu na TPP \u25b6\u00a0Adekv\u00e1tne finan\u010dn\u00e9 ohodnotenie \u25b6\u00a0Mo\u017enos\u0165 profesion\u00e1lneho rastu!\u010cak\u00e1me na Va\u0161u prihl\u00e1\u0161ku! Zabezpe\u010dte si slu\u0161n\u00fd pr\u00edjem, pracujte pre spo\u013eahliv\u00fa a dobre platiacu ma\u010farsk\u00fa spolo\u010dnos\u0165! Dobr\u00e9 a spravodliv\u00e9 pracovn\u00e9 [&hellip;]<\/p>\n","protected":false},"author":1,"featured_media":0,"parent":0,"menu_order":0,"comment_status":"closed","ping_status":"closed","template":"","meta":{"_et_pb_use_builder":"on","_et_pb_old_content":"","_et_gb_content_width":"","footnotes":""},"class_list":["post-717","page","type-page","status-publish","hentry"],"_links":{"self":[{"href":"https:\/\/bogesz.hu\/sk\/wp-json\/wp\/v2\/pages\/717","targetHints":{"allow":["GET"]}}],"collection":[{"href":"https:\/\/bogesz.hu\/sk\/wp-json\/wp\/v2\/pages"}],"about":[{"href":"https:\/\/bogesz.hu\/sk\/wp-json\/wp\/v2\/types\/page"}],"author":[{"embeddable":true,"href":"https:\/\/bogesz.hu\/sk\/wp-json\/wp\/v2\/users\/1"}],"replies":[{"embeddable":true,"href":"https:\/\/bogesz.hu\/sk\/wp-json\/wp\/v2\/comments?post=717"}],"version-history":[{"count":3,"href":"https:\/\/bogesz.hu\/sk\/wp-json\/wp\/v2\/pages\/717\/revisions"}],"predecessor-version":[{"id":9692,"href":"https:\/\/bogesz.hu\/sk\/wp-json\/wp\/v2\/pages\/717\/revisions\/9692"}],"wp:attachment":[{"href":"https:\/\/bogesz.hu\/sk\/wp-json\/wp\/v2\/media?parent=717"}],"curies":[{"name":"wp","href":"https:\/\/api.w.org\/{rel}","templated":true}]}}