{"id":712,"date":"2021-02-20T18:11:42","date_gmt":"2021-02-20T16:11:42","guid":{"rendered":"https:\/\/bogesz.hu\/casto-kladene-otazky\/"},"modified":"2024-07-09T19:13:04","modified_gmt":"2024-07-09T17:13:04","slug":"casto-kladene-otazky","status":"publish","type":"page","link":"https:\/\/bogesz.hu\/sk\/casto-kladene-otazky\/","title":{"rendered":"\u010casto kladen\u00e9 ot\u00e1zky"},"content":{"rendered":"<p>[et_pb_section fb_built=&#8220;1&#8243; _builder_version=&#8220;3.21.1&#8243;][et_pb_row custom_padding=&#8220;3px|0px|2px|0px|false|false&#8220; _builder_version=&#8220;3.21.1&#8243;][et_pb_column type=&#8220;4_4&#8243; _builder_version=&#8220;3.21.1&#8243;][et_pb_text _builder_version=&#8220;3.21.1&#8243;]<\/p>\n<h1 style=\"text-align: center;\"><strong>\u010casto kladen\u00e9 ot\u00e1zky<\/strong><\/h1>\n<p>[\/et_pb_text][et_pb_text _builder_version=&#8220;3.21.1&#8243;]<\/p>\n<h3><strong>Z\u00e1kazn\u00edcke ot\u00e1zky<\/strong><\/h3>\n<p>[\/et_pb_text][\/et_pb_column][\/et_pb_row][et_pb_row custom_padding=&#8220;40px|0px|42px|0px|false|false&#8220; _builder_version=&#8220;3.21.1&#8243;][et_pb_column type=&#8220;4_4&#8243; _builder_version=&#8220;3.21.1&#8243;][et_pb_accordion _builder_version=&#8220;3.21.1&#8243; toggle_font=&#8220;|700||on|||||&#8220;][et_pb_accordion_item title=&#8220;Konkr\u00e9tne s \u010d\u00edm sa zaober\u00e1 BOGESZ 2006 s.r.o.?&#8220; open=&#8220;on&#8220; _builder_version=&#8220;3.21.1&#8243; title_text_shadow_horizontal_length=&#8220;0em&#8220; title_text_shadow_vertical_length=&#8220;0em&#8220; title_text_shadow_blur_strength=&#8220;0em&#8220; body_text_shadow_horizontal_length=&#8220;0em&#8220; body_text_shadow_vertical_length=&#8220;0em&#8220; body_text_shadow_blur_strength=&#8220;0em&#8220;]<\/p>\n<p>Distribuujeme bet\u00f3nov\u00fa v\u00fdstu\u017e, kari roho\u017ee a viazacie dr\u00f3ty, popri tom na z\u00e1klade v\u00fdkresovej dokument\u00e1cie \u2013 zv\u00e4\u010d\u0161a automatizovan\u00fdm strojmi \u2013 vyr\u00e1bame na mieru, oce\u013eov\u00fa kon\u0161trukciu, armoko\u0161e.<\/p>\n<p>[\/et_pb_accordion_item][et_pb_accordion_item title=&#8220;Ak\u00fd tovar m\u00e1te na sklade a v ak\u00fdch rozmeroch?&#8220; open=&#8220;off&#8220; _builder_version=&#8220;3.21.1&#8243; title_text_shadow_horizontal_length=&#8220;0em&#8220; title_text_shadow_vertical_length=&#8220;0em&#8220; title_text_shadow_blur_strength=&#8220;0em&#8220; body_text_shadow_horizontal_length=&#8220;0em&#8220; body_text_shadow_vertical_length=&#8220;0em&#8220; body_text_shadow_blur_strength=&#8220;0em&#8220;]<\/p>\n<p>Oce\u013eov\u00e9 ty\u010de v d\u013a\u017eke 6 a 12 m s priemerom od 6 do 40 mm. Oh\u00fdbame a pred\u00e1vame, (naj\u010dastej\u0161ie v priemere 8 a\u017e 28 mm) Kv\u00f4li ve\u013ekej r\u00f4znorodosti rozmerov kari roho\u017e\u00ed a ve\u013ekosti oka sa pre z\u00e1ujem o tento tovar pros\u00edm informujte na na\u0161om technickom oddelen\u00ed. Viazac\u00ed dr\u00f4t pred\u00e1vame v kg balen\u00ed.<\/p>\n<p>[\/et_pb_accordion_item][et_pb_accordion_item title=&#8220;Obsluhujete fyzick\u00e9 osoby aj firmy?&#8220; open=&#8220;off&#8220; _builder_version=&#8220;3.21.1&#8243; title_text_shadow_horizontal_length=&#8220;0em&#8220; title_text_shadow_vertical_length=&#8220;0em&#8220; title_text_shadow_blur_strength=&#8220;0em&#8220; body_text_shadow_horizontal_length=&#8220;0em&#8220; body_text_shadow_vertical_length=&#8220;0em&#8220; body_text_shadow_blur_strength=&#8220;0em&#8220;]<\/p>\n<p>\u00c1no.<\/p>\n<p>[\/et_pb_accordion_item][et_pb_accordion_item title=&#8220;M\u00e1m si objedna\u0165 rovn\u00fa alebo ohnut\u00fa oce\u013eov\u00fa ty\u010d?&#8220; open=&#8220;off&#8220; _builder_version=&#8220;3.21.1&#8243; title_text_shadow_horizontal_length=&#8220;0em&#8220; title_text_shadow_vertical_length=&#8220;0em&#8220; title_text_shadow_blur_strength=&#8220;0em&#8220; body_text_shadow_horizontal_length=&#8220;0em&#8220; body_text_shadow_vertical_length=&#8220;0em&#8220; body_text_shadow_blur_strength=&#8220;0em&#8220;]<\/p>\n<p>Na stavbu budovy sa pou\u017e\u00edvaj\u00fa aj armako\u0161e a strmene, ktor\u00fdch manu\u00e1lne oh\u00fdbanie je n\u00e1kladn\u00e9, nepresn\u00e9 a pomal\u00e9. K \u017eiadosti o cenov\u00fa ponuku je \u00fa\u010deln\u00e9 pripoji\u0165 aj v\u00fdkresov\u00fa dokument\u00e1ciu, preto\u017ee strojov\u00e9 oh\u00fdbanie je lacnej\u0161ie a ur\u010dite aj presnej\u0161ie a r\u00fdchlej\u0161ie ako manu\u00e1lne oh\u00fdbanie na mieste. Z\u00e1rove\u0148 s \u010dasom u\u0161etr\u00edte aj peniaze.<\/p>\n<p>[\/et_pb_accordion_item][et_pb_accordion_item title=&#8220;Pre\u010do je lep\u0161ia strojov\u00e1 ako ru\u010dn\u00e1 v\u00fdroba?&#8220; open=&#8220;off&#8220; _builder_version=&#8220;3.21.1&#8243; title_text_shadow_horizontal_length=&#8220;0em&#8220; title_text_shadow_vertical_length=&#8220;0em&#8220; title_text_shadow_blur_strength=&#8220;0em&#8220; body_text_shadow_horizontal_length=&#8220;0em&#8220; body_text_shadow_vertical_length=&#8220;0em&#8220; body_text_shadow_blur_strength=&#8220;0em&#8220;]<\/p>\n<p>Na jednej strane preto, lebo strojom sa d\u00e1 dosiahnu\u0165 v\u00e4\u010d\u0161ia presnos\u0165 a v\u00fdstu\u017en\u00e1 oce\u013e, ktor\u00e1 doraz\u00ed na miesto sa d\u00e1 okam\u017eite in\u0161talova\u0165, tak\u017ee sa nemus\u00edte zaobera\u0165 obr\u00e1ban\u00edm a n\u00e1sledn\u00fdm skladovan\u00edm. Navy\u0161e pri rezan\u00ed a oh\u00fdban\u00ed strojom nevznik\u00e1 odpad, tak\u017ee ho nemus\u00edte plati\u0165 ani zasiela\u0165 &#8211; na rozdiel od ru\u010dn\u00e9ho obr\u00e1bania.<\/p>\n<p>[\/et_pb_accordion_item][et_pb_accordion_item title=&#8220;Pre\u010do m\u00e1m nakupova\u0165 u BOGESZ 2006, s.r.o.?&#8220; open=&#8220;off&#8220; _builder_version=&#8220;3.21.1&#8243; title_text_shadow_horizontal_length=&#8220;0em&#8220; title_text_shadow_vertical_length=&#8220;0em&#8220; title_text_shadow_blur_strength=&#8220;0em&#8220; body_text_shadow_horizontal_length=&#8220;0em&#8220; body_text_shadow_vertical_length=&#8220;0em&#8220; body_text_shadow_blur_strength=&#8220;0em&#8220;]<\/p>\n<p>Preto\u017ee na\u0161a cena je korektn\u00e1, rovnako ako n\u00e1\u0161 vysoko kvalifikovan\u00fd a svedomit\u00fd person\u00e1l. Pracujeme presne a s kr\u00e1tkymi term\u00ednmi a vieme pre v\u00e1s zabezpe\u010di\u0165 aj doru\u010denie. V pr\u00edpade ak\u00fdchko\u013evek nezrovnalost\u00ed v statick\u00fdch v\u00fdkresoch v\u00e1s upozorn\u00edme navrhnut\u00edm \u010fal\u0161\u00edch konzult\u00e1ci\u00ed s projektantom \/ dod\u00e1vate\u013eom, aby sa zabr\u00e1nilo v\u00fdrobe na z\u00e1klade nespr\u00e1vnych \u00fadajov.<\/p>\n<p>[\/et_pb_accordion_item][et_pb_accordion_item title=&#8220;Ste najlacnej\u0161\u00ed?&#8220; open=&#8220;off&#8220; _builder_version=&#8220;3.21.1&#8243; title_text_shadow_horizontal_length=&#8220;0em&#8220; title_text_shadow_vertical_length=&#8220;0em&#8220; title_text_shadow_blur_strength=&#8220;0em&#8220; body_text_shadow_horizontal_length=&#8220;0em&#8220; body_text_shadow_vertical_length=&#8220;0em&#8220; body_text_shadow_blur_strength=&#8220;0em&#8220;]<\/p>\n<p>Tak vieme, \u017ee v\u00e4\u010d\u0161inou \u00e1no, ale viac ako cena je pre n\u00e1s d\u00f4le\u017eit\u00e1 spokojnos\u0165 z\u00e1kazn\u00edkov a ich odpor\u00fa\u010dania pre \u010fal\u0161\u00edch z\u00e1kazn\u00edkov.<\/p>\n<p>[\/et_pb_accordion_item][et_pb_accordion_item title=&#8220;Od \u010doho z\u00e1vis\u00ed cena oce\u013eov\u00fdch ty\u010d\u00ed?&#8220; open=&#8220;off&#8220; _builder_version=&#8220;3.21.1&#8243; title_text_shadow_horizontal_length=&#8220;0em&#8220; title_text_shadow_vertical_length=&#8220;0em&#8220; title_text_shadow_blur_strength=&#8220;0em&#8220; body_text_shadow_horizontal_length=&#8220;0em&#8220; body_text_shadow_vertical_length=&#8220;0em&#8220; body_text_shadow_blur_strength=&#8220;0em&#8220;]<\/p>\n<p>Najm\u00e4 od v\u00fdrobcu z\u00e1kladn\u00e9ho materi\u00e1lu, ceny ocele na svetovom trhu a od n\u00e1kladov na spracovanie a dodato\u010dn\u00fdch n\u00e1kladov.<\/p>\n<p>[\/et_pb_accordion_item][et_pb_accordion_item title=&#8220;Od \u010do z\u00e1vis\u00ed cena dopravy?&#8220; open=&#8220;off&#8220; _builder_version=&#8220;3.21.1&#8243; title_text_shadow_horizontal_length=&#8220;0em&#8220; title_text_shadow_vertical_length=&#8220;0em&#8220; title_text_shadow_blur_strength=&#8220;0em&#8220; body_text_shadow_horizontal_length=&#8220;0em&#8220; body_text_shadow_vertical_length=&#8220;0em&#8220; body_text_shadow_blur_strength=&#8220;0em&#8220;]<\/p>\n<p>Sna\u017e\u00edme sa o optimaliz\u00e1ciu dopravy a t\u00fdm aj jej ceny. V\u0161etko z\u00e1vis\u00ed od kapac\u00edt dopravcov, vlastnost\u00ed miesta doru\u010denia, vozidlo akej nosnosti bude potrebn\u00e9, \u010di je potrebn\u00fd \u017eeriav, resp. in\u00e9 n\u00e1klady napr. povolenia vjazdu.<\/p>\n<p>[\/et_pb_accordion_item][et_pb_accordion_item title=&#8220;Ste najspo\u013eahlivej\u0161\u00ed?&#8220; open=&#8220;off&#8220; _builder_version=&#8220;3.21.1&#8243; title_text_shadow_horizontal_length=&#8220;0em&#8220; title_text_shadow_vertical_length=&#8220;0em&#8220; title_text_shadow_blur_strength=&#8220;0em&#8220; body_text_shadow_horizontal_length=&#8220;0em&#8220; body_text_shadow_vertical_length=&#8220;0em&#8220; body_text_shadow_blur_strength=&#8220;0em&#8220;]<\/p>\n<p>Sna\u017e\u00edme o to, a dokazuje to aj pomer vracaj\u00facich sa z\u00e1kazn\u00edkov. Sme hrd\u00ed na to, \u017ee o rady a na\u0161e slu\u017eby m\u00e1 z\u00e1ujem aj na\u0161a konkurencia a dost\u00e1vame z\u00e1kazky aj z in\u00fdch \u010dast\u00ed krajiny.<\/p>\n<p>[\/et_pb_accordion_item][et_pb_accordion_item title=&#8220;Ak\u00fd je proces objedn\u00e1vania?&#8220; open=&#8220;off&#8220; _builder_version=&#8220;3.21.1&#8243; title_text_shadow_horizontal_length=&#8220;0em&#8220; title_text_shadow_vertical_length=&#8220;0em&#8220; title_text_shadow_blur_strength=&#8220;0em&#8220; body_text_shadow_horizontal_length=&#8220;0em&#8220; body_text_shadow_vertical_length=&#8220;0em&#8220; body_text_shadow_blur_strength=&#8220;0em&#8220;]<\/p>\n<p>Objedn\u00e1va sa prostredn\u00edctvom mailovej adresy ajanlat@bogesz.hu alebo prostredn\u00edctvom na\u0161ej webovej str\u00e1nky. V pr\u00edpade osobnej objedn\u00e1vky u n\u00e1s v kancel\u00e1rii V\u00e1m na z\u00e1klade v\u00fdkresov na\u0161i technici po\u0161l\u00fa ponuku mailom. Objedn\u00e1vka vznikne na z\u00e1klade sp\u00e4tn\u00e9ho p\u00edsomn\u00e9ho potvrdenia. V ka\u017edom pr\u00edpade n\u00e1m vopred ozn\u00e1mte, \u010di potrebujete \u00fa\u010dtovn\u00fd doklad ako fyzick\u00e1 osoba alebo ako podnikate\u013e. V pr\u00edpade fyzickej osoby n\u00e1m okrem mena, adresy a telefonick\u00e9ho \u010di mailov\u00e9ho kontaktu zadajte aj adresu dopravy ak je odli\u0161n\u00e1. V pr\u00edpade pr\u00e1vnickej osoby n\u00e1m navy\u0161e uve\u010fte Va\u0161e DI\u010c.<\/p>\n<p>[\/et_pb_accordion_item][et_pb_accordion_item title=&#8220;\u010co je pracovn\u00fd list a pre\u010do je potrebn\u00fd?&#8220; open=&#8220;off&#8220; _builder_version=&#8220;3.21.1&#8243; title_text_shadow_horizontal_length=&#8220;0em&#8220; title_text_shadow_vertical_length=&#8220;0em&#8220; title_text_shadow_blur_strength=&#8220;0em&#8220; body_text_shadow_horizontal_length=&#8220;0em&#8220; body_text_shadow_vertical_length=&#8220;0em&#8220; body_text_shadow_blur_strength=&#8220;0em&#8220;]<\/p>\n<p>Pracovn\u00fd list obsahuje \u00fadaje z Va\u0161ej objedn\u00e1vky najm\u00e4 mno\u017estvo, v\u00e1hu a rozmery tovaru, \u010falej adresu a \u00fadaje prij\u00edmate\u013ea. Po ods\u00fahlasen\u00ed cenovej ponuky a pracovn\u00e9ho listu za\u010d\u00edna v\u00fdroba.<\/p>\n<p>[\/et_pb_accordion_item][et_pb_accordion_item title=&#8220;Objedn\u00e1vka sa teda ned\u00e1 zada\u0165 osobne?&#8220; open=&#8220;off&#8220; _builder_version=&#8220;3.21.1&#8243; title_text_shadow_horizontal_length=&#8220;0em&#8220; title_text_shadow_vertical_length=&#8220;0em&#8220; title_text_shadow_blur_strength=&#8220;0em&#8220; body_text_shadow_horizontal_length=&#8220;0em&#8220; body_text_shadow_vertical_length=&#8220;0em&#8220; body_text_shadow_blur_strength=&#8220;0em&#8220;]<\/p>\n<p>Z d\u00f4vodu pr\u00edsnych pr\u00e1vnych predpisov, ktor\u00e9 sa vz\u0165ahuj\u00fa na kovospracuj\u00faci priemysel, ako aj na syst\u00e9m spr\u00e1vy a riadenia spolo\u010dnost\u00ed a aby sa zabr\u00e1nilo nedorozumeniam, je potrebn\u00e9 objedn\u00e1vanie e-mailom.<\/p>\n<p>[\/et_pb_accordion_item][et_pb_accordion_item title=&#8220;Odkia\u013e poch\u00e1dza \u017eelezo, s ktor\u00fdm pracujete?&#8220; open=&#8220;off&#8220; _builder_version=&#8220;3.21.1&#8243; title_text_shadow_horizontal_length=&#8220;0em&#8220; title_text_shadow_vertical_length=&#8220;0em&#8220; title_text_shadow_blur_strength=&#8220;0em&#8220; body_text_shadow_horizontal_length=&#8220;0em&#8220; body_text_shadow_vertical_length=&#8220;0em&#8220; body_text_shadow_blur_strength=&#8220;0em&#8220;]<\/p>\n<p>Pracujeme s rak\u00faskymi, talianskymi, ma\u010farsk\u00fdmi a bosnianskymi kvalifikovan\u00fdmi surovinami. Vyh\u00fdbame sa surovin\u00e1m po\u013esk\u00e9ho, alb\u00e1nskeho, bulharsk\u00e9ho, tureck\u00e9ho p\u00f4vodu slab\u0161ej a nest\u00e1lej kvality a ani svojim z\u00e1kazn\u00edkom ich neodpor\u00fa\u010dame.<\/p>\n<p>[\/et_pb_accordion_item][et_pb_accordion_item title=&#8220;Ako sa daj\u00fa identifikova\u0165 v\u00fdrobky?&#8220; open=&#8220;off&#8220; _builder_version=&#8220;3.21.1&#8243; title_text_shadow_horizontal_length=&#8220;0em&#8220; title_text_shadow_vertical_length=&#8220;0em&#8220; title_text_shadow_blur_strength=&#8220;0em&#8220; body_text_shadow_horizontal_length=&#8220;0em&#8220; body_text_shadow_vertical_length=&#8220;0em&#8220; body_text_shadow_blur_strength=&#8220;0em&#8220;]<\/p>\n<p>Prim\u00e1rne pomocou n\u00e1kresu na pracovnom liste. Ka\u017ed\u00fd vyroben\u00fd prvok je opatren\u00fd samostatn\u00fdm \u0161t\u00edtkom odoln\u00fdm proti poveternostn\u00fdm vplyvom, ktor\u00fd okrem \u00fadajov o z\u00e1kazn\u00edkovi obsahuje aj kon\u0161truk\u010dn\u00e9 \u010d\u00edslo, n\u00e1zov kon\u0161truk\u010dn\u00e9ho prvku, pozi\u010dn\u00e9 \u010d\u00edslo, priemer a d\u013a\u017eku v\u00fdstu\u017ee, ako aj jej vyhotovenie.<\/p>\n<p>[\/et_pb_accordion_item][et_pb_accordion_item title=&#8220;Ak\u00e1 je lehota na v\u00fdrobu \/ dodanie?&#8220; open=&#8220;off&#8220; _builder_version=&#8220;3.21.1&#8243; title_text_shadow_horizontal_length=&#8220;0em&#8220; title_text_shadow_vertical_length=&#8220;0em&#8220; title_text_shadow_blur_strength=&#8220;0em&#8220; body_text_shadow_horizontal_length=&#8220;0em&#8220; body_text_shadow_vertical_length=&#8220;0em&#8220; body_text_shadow_blur_strength=&#8220;0em&#8220;]<\/p>\n<p>Spravidla vybavujeme objedn\u00e1vky do 3 &#8211; 5 pracovn\u00fdch dn\u00ed, ale v z\u00e1vislosti na vo\u013enej kapacite tie\u017e zabezpe\u010dujeme urgentn\u00fa [preto pr\u00edplatkov\u00fa] v\u00fdrobu do 1 &#8211; 3 pracovn\u00fdch dn\u00ed. Term\u00edny bud\u00fa v\u017edy upresnen\u00e9 po potvrden\u00ed cenovej ponuky a ods\u00fahlasen\u00ed pracovn\u00fdch listov.<\/p>\n<p>[\/et_pb_accordion_item][et_pb_accordion_item title=&#8220;Ak by zostalo \u017eelezo navy\u0161e, d\u00e1 sa vr\u00e1ti\u0165?&#8220; open=&#8220;off&#8220; _builder_version=&#8220;3.21.1&#8243; title_text_shadow_horizontal_length=&#8220;0em&#8220; title_text_shadow_vertical_length=&#8220;0em&#8220; title_text_shadow_blur_strength=&#8220;0em&#8220; body_text_shadow_horizontal_length=&#8220;0em&#8220; body_text_shadow_vertical_length=&#8220;0em&#8220; body_text_shadow_blur_strength=&#8220;0em&#8220;]<\/p>\n<p>Bohu\u017eia\u013e nem\u00f4\u017eeme to urobi\u0165 &#8211; existuj\u00fa tu technick\u00e9 aj pr\u00e1vne prek\u00e1\u017eky. Nespotrebovan\u00fd \u017eelezn\u00fd materi\u00e1l je vhodn\u00e9 odovzda\u0165 do najbli\u017e\u0161ieho v\u00fdkupu kovov\u00e9ho \u0161rotu.<\/p>\n<p>[\/et_pb_accordion_item][et_pb_accordion_item title=&#8220;\u010co garantujete?&#8220; open=&#8220;off&#8220; _builder_version=&#8220;3.21.1&#8243; title_text_shadow_horizontal_length=&#8220;0em&#8220; title_text_shadow_vertical_length=&#8220;0em&#8220; title_text_shadow_blur_strength=&#8220;0em&#8220; body_text_shadow_horizontal_length=&#8220;0em&#8220; body_text_shadow_vertical_length=&#8220;0em&#8220; body_text_shadow_blur_strength=&#8220;0em&#8220;]<\/p>\n<p>Aby v\u00e1m objednan\u00e1 v\u00fdstu\u017e bola doru\u010den\u00e1 v\u010das, pod\u013ea potvrden\u00e9ho pracovn\u00e9ho listu, za prijate\u013en\u00fa cenu v na\u0161ej tov\u00e1rni alebo priamo na stavbu. S\u0165a\u017enosti t\u00fdkaj\u00face sa mno\u017estva a kvality objednanej v\u00fdstu\u017ee je mo\u017en\u00e9 poda\u0165 do 48 hod\u00edn od prijatia. Po\u010das procesu zabezpe\u010denia kvality uplat\u0148ovan\u00e9ho v na\u0161ej spolo\u010dnosti m\u00f4\u017eeme presne skontrolova\u0165, \u010di sme urobili chybu, a ak \u00e1no, kedy, a v \u010dom. Ak je s\u0165a\u017enos\u0165 opr\u00e1vnen\u00e1, ospravedln\u00edme sa za sp\u00f4soben\u00e9 nepr\u00edjemnosti a okam\u017eite sa pust\u00edme do n\u00e1pravy chyby.<\/p>\n<p>[\/et_pb_accordion_item][et_pb_accordion_item title=&#8220;Na koho sa m\u00f4\u017eem obr\u00e1ti\u0165 so svojimi \u010fal\u0161\u00edmi ot\u00e1zkami?&#8220; open=&#8220;off&#8220; _builder_version=&#8220;3.21.1&#8243; title_text_shadow_horizontal_length=&#8220;0em&#8220; title_text_shadow_vertical_length=&#8220;0em&#8220; title_text_shadow_blur_strength=&#8220;0em&#8220; body_text_shadow_horizontal_length=&#8220;0em&#8220; body_text_shadow_vertical_length=&#8220;0em&#8220; body_text_shadow_blur_strength=&#8220;0em&#8220;]<\/p>\n<p>Na\u0161i kolegovia s\u00fa k dispoz\u00edcii v pracovn\u00fdch d\u0148och od 7:00 do 15:00 e-mailom a telefonicky na na\u0161ich kontaktn\u00fdch \u00fadajoch zverejnen\u00fdch v ponuke kontaktov.<\/p>\n<p>[\/et_pb_accordion_item][\/et_pb_accordion][\/et_pb_column][\/et_pb_row][et_pb_row custom_padding=&#8220;0|0px|4px|0px|false|false&#8220; _builder_version=&#8220;3.21.1&#8243;][et_pb_column type=&#8220;4_4&#8243; _builder_version=&#8220;3.21.1&#8243;][et_pb_text _builder_version=&#8220;3.21.1&#8243;]<\/p>\n<h3><strong>Technick\u00e9 ot\u00e1zky<\/strong><\/h3>\n<p>[\/et_pb_text][\/et_pb_column][\/et_pb_row][et_pb_row custom_padding=&#8220;27px|0px|40px|0px|false|false&#8220; _builder_version=&#8220;3.21.1&#8243;][et_pb_column type=&#8220;4_4&#8243; _builder_version=&#8220;3.21.1&#8243;][et_pb_accordion _builder_version=&#8220;3.21.1&#8243; toggle_font=&#8220;|700||on|||||&#8220;][et_pb_accordion_item title=&#8220;Ako sa vyr\u00e1ba oce\u013e?&#8220; open=&#8220;on&#8220; _builder_version=&#8220;3.21.1&#8243; title_text_shadow_horizontal_length=&#8220;0em&#8220; title_text_shadow_vertical_length=&#8220;0em&#8220; title_text_shadow_blur_strength=&#8220;0em&#8220; body_text_shadow_horizontal_length=&#8220;0em&#8220; body_text_shadow_vertical_length=&#8220;0em&#8220; body_text_shadow_blur_strength=&#8220;0em&#8220;]<\/p>\n<p>Surov\u00e9 \u017eelezo sa vyr\u00e1ba z vy\u0165a\u017eenej \u017eeleznej rudy v hut\u00e1ch, v\u00fdsledkom \u010doho je zliatina s obsahom uhl\u00edka 2,5 &#8211; 5,0% hmotnosti, ktor\u00e1 sa spracov\u00e1va v peci Siemens-Martin. Obsah uhl\u00edka v bet\u00f3nov\u00fdch v\u00fdstuh\u00e1ch je menej ako 1,7% hmotnosti.<\/p>\n<p>[\/et_pb_accordion_item][et_pb_accordion_item title=&#8220;Ako sa vyr\u00e1ba bet\u00f3nov\u00e1 v\u00fdstu\u017e?&#8220; open=&#8220;off&#8220; _builder_version=&#8220;3.21.1&#8243; title_text_shadow_horizontal_length=&#8220;0em&#8220; title_text_shadow_vertical_length=&#8220;0em&#8220; title_text_shadow_blur_strength=&#8220;0em&#8220; body_text_shadow_horizontal_length=&#8220;0em&#8220; body_text_shadow_vertical_length=&#8220;0em&#8220; body_text_shadow_blur_strength=&#8220;0em&#8220;]<\/p>\n<p>Zv\u00e1rate\u013en\u00e1 v\u00fdstu\u017e sa vyr\u00e1ba valcovan\u00edm za tepla a \/ alebo tv\u00e1rnen\u00edm za studena. Rebrovan\u00fd povrch je typicky tvoren\u00fd tvarovan\u00edm za studena za tepla valcovanej v\u00fdstu\u017ee.<\/p>\n<p>[\/et_pb_accordion_item][et_pb_accordion_item title=&#8220;Na \u010do je \u017eelezobet\u00f3n ur\u010den\u00fd?&#8220; open=&#8220;off&#8220; _builder_version=&#8220;3.21.1&#8243; title_text_shadow_horizontal_length=&#8220;0em&#8220; title_text_shadow_vertical_length=&#8220;0em&#8220; title_text_shadow_blur_strength=&#8220;0em&#8220; body_text_shadow_horizontal_length=&#8220;0em&#8220; body_text_shadow_vertical_length=&#8220;0em&#8220; body_text_shadow_blur_strength=&#8220;0em&#8220;]<\/p>\n<p>Bet\u00f3nov\u00e1 oce\u013e [rebrovan\u00e9 prevedenie, zv\u00e1ran\u00e1 roho\u017e] m\u00e1 zv\u00fd\u0161i\u0165 nosnos\u0165 a \u017eivotnos\u0165 bet\u00f3nu, prevzia\u0165 takzvan\u00e9 \u0165ahov\u00e9 nap\u00e4tie budov, a preto ju vyu\u017e\u00edva stavebn\u00fd priemysel.<\/p>\n<p>[\/et_pb_accordion_item][et_pb_accordion_item title=&#8220;Na \u010do je dobr\u00e9 rebrovanie v\u00fdstu\u017ee?&#8220; open=&#8220;off&#8220; _builder_version=&#8220;3.21.1&#8243; title_text_shadow_horizontal_length=&#8220;0em&#8220; title_text_shadow_vertical_length=&#8220;0em&#8220; title_text_shadow_blur_strength=&#8220;0em&#8220; body_text_shadow_horizontal_length=&#8220;0em&#8220; body_text_shadow_vertical_length=&#8220;0em&#8220; body_text_shadow_blur_strength=&#8220;0em&#8220;]<\/p>\n<p>Rebrovan\u00fd povrch zvy\u0161uje pri\u013enavos\u0165 bet\u00f3nu a zvy\u0161uje odolnos\u0165 materi\u00e1lu proti fyzick\u00fdm vplyvom.<\/p>\n<p>[\/et_pb_accordion_item][et_pb_accordion_item title=&#8220;V ak\u00fdch rozmeroch sa vyr\u00e1ba v\u00fdstu\u017en\u00e1 oce\u013e?&#8220; open=&#8220;off&#8220; _builder_version=&#8220;3.21.1&#8243; title_text_shadow_horizontal_length=&#8220;0em&#8220; title_text_shadow_vertical_length=&#8220;0em&#8220; title_text_shadow_blur_strength=&#8220;0em&#8220; body_text_shadow_horizontal_length=&#8220;0em&#8220; body_text_shadow_vertical_length=&#8220;0em&#8220; body_text_shadow_blur_strength=&#8220;0em&#8220;]<\/p>\n<p>Vyr\u00e1baj\u00fa sa s priemerom 6 &#8211; 40 mm, v d\u013a\u017ekach 6 a 12 m. Pod\u013ea potreby aj vo v\u00e4\u010d\u0161\u00edch ve\u013ekostiach. Balen\u00e9 s\u00fa v rolk\u00e1ch po 2 &#8211; 5 ton.<\/p>\n<p>[\/et_pb_accordion_item][et_pb_accordion_item title=&#8220;Pod\u013ea akej normy sa v\u00fdstu\u017e vyr\u00e1ba?&#8220; open=&#8220;off&#8220; _builder_version=&#8220;3.21.1&#8243; title_text_shadow_horizontal_length=&#8220;0em&#8220; title_text_shadow_vertical_length=&#8220;0em&#8220; title_text_shadow_blur_strength=&#8220;0em&#8220; body_text_shadow_horizontal_length=&#8220;0em&#8220; body_text_shadow_vertical_length=&#8220;0em&#8220; body_text_shadow_blur_strength=&#8220;0em&#8220;]<\/p>\n<p>Pre pou\u017eitie v Ma\u010farsku plat\u00ed norma MSZ 339: 1987 vyvinut\u00e1 pre spracovanie ocele za tepla a tvarovanie za studena, ako aj norma E\u00da DIN 488-1: 2009.<\/p>\n<p>[\/et_pb_accordion_item][\/et_pb_accordion][\/et_pb_column][\/et_pb_row][\/et_pb_section]<\/p>\n","protected":false},"excerpt":{"rendered":"<p>\u010casto kladen\u00e9 ot\u00e1zky Z\u00e1kazn\u00edcke ot\u00e1zky Distribuujeme bet\u00f3nov\u00fa v\u00fdstu\u017e, kari roho\u017ee a viazacie dr\u00f3ty, popri tom na z\u00e1klade v\u00fdkresovej dokument\u00e1cie \u2013 zv\u00e4\u010d\u0161a automatizovan\u00fdm strojmi \u2013 vyr\u00e1bame na mieru, oce\u013eov\u00fa kon\u0161trukciu, armoko\u0161e. Oce\u013eov\u00e9 ty\u010de v d\u013a\u017eke 6 a 12 m s priemerom od 6 do 40 mm. Oh\u00fdbame a pred\u00e1vame, (naj\u010dastej\u0161ie v priemere 8 a\u017e 28 mm) [&hellip;]<\/p>\n","protected":false},"author":1,"featured_media":0,"parent":0,"menu_order":0,"comment_status":"closed","ping_status":"closed","template":"","meta":{"_et_pb_use_builder":"on","_et_pb_old_content":"","_et_gb_content_width":"","footnotes":""},"class_list":["post-712","page","type-page","status-publish","hentry"],"_links":{"self":[{"href":"https:\/\/bogesz.hu\/sk\/wp-json\/wp\/v2\/pages\/712","targetHints":{"allow":["GET"]}}],"collection":[{"href":"https:\/\/bogesz.hu\/sk\/wp-json\/wp\/v2\/pages"}],"about":[{"href":"https:\/\/bogesz.hu\/sk\/wp-json\/wp\/v2\/types\/page"}],"author":[{"embeddable":true,"href":"https:\/\/bogesz.hu\/sk\/wp-json\/wp\/v2\/users\/1"}],"replies":[{"embeddable":true,"href":"https:\/\/bogesz.hu\/sk\/wp-json\/wp\/v2\/comments?post=712"}],"version-history":[{"count":3,"href":"https:\/\/bogesz.hu\/sk\/wp-json\/wp\/v2\/pages\/712\/revisions"}],"predecessor-version":[{"id":9675,"href":"https:\/\/bogesz.hu\/sk\/wp-json\/wp\/v2\/pages\/712\/revisions\/9675"}],"wp:attachment":[{"href":"https:\/\/bogesz.hu\/sk\/wp-json\/wp\/v2\/media?parent=712"}],"curies":[{"name":"wp","href":"https:\/\/api.w.org\/{rel}","templated":true}]}}