{"id":709,"date":"2021-02-20T17:59:28","date_gmt":"2021-02-20T15:59:28","guid":{"rendered":"https:\/\/bogesz.hu\/kontakt\/"},"modified":"2024-07-09T19:25:08","modified_gmt":"2024-07-09T17:25:08","slug":"kontakt","status":"publish","type":"page","link":"https:\/\/bogesz.hu\/sk\/kontakt\/","title":{"rendered":"Kontakt"},"content":{"rendered":"<p>[et_pb_section fb_built=&#8220;1&#8243; _builder_version=&#8220;4.16&#8243; custom_padding=&#8220;44.6719px|0px|0|0px|false|false&#8220; global_colors_info=&#8220;{}&#8220;][et_pb_row column_structure=&#8220;2_5,3_5&#8243; _builder_version=&#8220;4.16&#8243; global_colors_info=&#8220;{}&#8220;][et_pb_column type=&#8220;2_5&#8243; _builder_version=&#8220;4.16&#8243; custom_padding=&#8220;|||&#8220; global_colors_info=&#8220;{}&#8220; custom_padding__hover=&#8220;|||&#8220;][et_pb_divider divider_weight=&#8220;2px&#8220; _builder_version=&#8220;4.16&#8243; global_colors_info=&#8220;{}&#8220;][\/et_pb_divider][et_pb_text _builder_version=&#8220;4.16&#8243; header_font=&#8220;Shadows Into Light Two||||||||&#8220; header_text_color=&#8220;#000000&#8243; custom_margin=&#8220;-10px||&#8220; global_colors_info=&#8220;{}&#8220;]<\/p>\n<h3 style=\"text-align: center;\">Adresa a kontaktn\u00e9 \u00fadaje<\/h3>\n<p>[\/et_pb_text][et_pb_divider divider_weight=&#8220;2px&#8220; _builder_version=&#8220;4.16&#8243; global_colors_info=&#8220;{}&#8220;][\/et_pb_divider][et_pb_text _builder_version=&#8220;4.25.1&#8243; global_colors_info=&#8220;{}&#8220;]<\/p>\n<table style=\"margin-left: auto; margin-right: auto;\" border=\"0\" cellspacing=\"5\" cellpadding=\"5\">\n<tbody>\n<tr>\n<td>Adresa<\/td>\n<td>Priemyseln\u00e1 oblas\u0165 INTEGR\u00c1L (b\u00fdval\u00fd \u201eH\u00e1zgy\u00e1r)<br \/>Feh\u00e9rv\u00e1ri \u010d. 75, 9028 Gy\u0151r<\/td>\n<\/tr>\n<tr>\n<td><b>Kore\u0161ponden\u010dn\u00e1 adresa<\/b><\/td>\n<td><strong>Ul. Feh\u00e9rv\u00e1ri \u010d. 75, 9028 Gy\u0151r<\/strong><\/td>\n<\/tr>\n<tr>\n<td>Otv\u00e1racia doba<\/td>\n<td>Pon-Pia: 7:00 \u2013 15:00<\/td>\n<\/tr>\n<tr>\n<td>Telef\u00f3n<\/td>\n<td>Centr\u00e1lna kancel\u00e1ria: <a href=\"tel:+3696209604\">+36-96\/209-604<\/a><br \/><small>Kontakty na zodpovedn\u00fdch pracovn\u00edkov s\u00fa zobrazen\u00e9 ni\u017e\u0161ie.<\/small><\/td>\n<\/tr>\n<tr>\n<td>Web<\/td>\n<td>https:\/\/bogesz.hu<\/td>\n<\/tr>\n<tr>\n<td>E-mail<\/td>\n<td>\n<p>Ponuka, obchod: <a href=\"mailto:ajanlat@bogesz.hu\"> ajanlat@bogesz.hu<\/a><\/p>\n<p>Faktur\u00e1cia, financie: <a href=\"mailto:penzugy@bogesz.hu\">penzugy@bogesz.hu<\/a><\/p>\n<p>Technick\u00e9 inform\u00e1cie, doprava: <a href=\"mailto:elokeszites@bogesz.hu\">elokeszites@bogesz.hu<\/a><\/p>\n<\/td>\n<\/tr>\n<\/tbody>\n<\/table>\n<p>[\/et_pb_text][\/et_pb_column][et_pb_column type=&#8220;3_5&#8243; _builder_version=&#8220;4.16&#8243; custom_padding=&#8220;|||&#8220; global_colors_info=&#8220;{}&#8220; custom_padding__hover=&#8220;|||&#8220;][et_pb_divider divider_weight=&#8220;2px&#8220; _builder_version=&#8220;4.16&#8243; global_colors_info=&#8220;{}&#8220;][\/et_pb_divider][et_pb_text _builder_version=&#8220;4.16&#8243; header_font=&#8220;Shadows Into Light Two||||||||&#8220; header_text_color=&#8220;#000000&#8243; custom_margin=&#8220;-10px||&#8220; global_colors_info=&#8220;{}&#8220;]<\/p>\n<h3 style=\"text-align: center;\">Kliknite na mapu pre navig\u00e1ciu!<\/h3>\n<p>[\/et_pb_text][et_pb_divider divider_weight=&#8220;2px&#8220; _builder_version=&#8220;4.16&#8243; global_colors_info=&#8220;{}&#8220;][\/et_pb_divider][et_pb_image src=&#8220;https:\/\/bogesz.hu\/wp-content\/uploads\/2020\/08\/bogesz-2006-bt_integral-ipari-park.png&#8220; url=&#8220;https:\/\/www.google.hu\/maps\/place\/47%C2%B040&#8217;36.1%22N+17%C2%B040&#8217;34.6%22E\/@47.6766944,17.6719004,17z\/data=!3m1!4b1!4m6!3m5!1s0x0:0x0!7e2!8m2!3d47.6766889!4d17.6762855&#8243; url_new_window=&#8220;on&#8220; align_tablet=&#8220;center&#8220; align_phone=&#8220;&#8220; align_last_edited=&#8220;on|desktop&#8220; _builder_version=&#8220;4.16&#8243; global_colors_info=&#8220;{}&#8220;][\/et_pb_image][\/et_pb_column][\/et_pb_row][\/et_pb_section][et_pb_section fb_built=&#8220;1&#8243; _builder_version=&#8220;4.16&#8243; custom_padding=&#8220;54px|0px|8px|0px|false|false&#8220; global_colors_info=&#8220;{}&#8220;][et_pb_row _builder_version=&#8220;4.16&#8243; global_colors_info=&#8220;{}&#8220;][et_pb_column type=&#8220;4_4&#8243; _builder_version=&#8220;4.16&#8243; custom_padding=&#8220;|||&#8220; global_colors_info=&#8220;{}&#8220; custom_padding__hover=&#8220;|||&#8220;][et_pb_code _builder_version=&#8220;4.16&#8243; global_colors_info=&#8220;{}&#8220;]<iframe loading=\"lazy\" src=\"https:\/\/www.google.com\/maps\/embed?pb=!1m18!1m12!1m3!1d1597.3467391047507!2d17.669465733936278!3d47.67652901287171!2m3!1f0!2f0!3f0!3m2!1i1024!2i768!4f13.1!3m3!1m2!1s0x476bbf780aff4fc9%3A0x4b88b93017caa2a0!2zR3nFkXIsIEZlaMOpcnbDoXJpIMO6dCA3NSwgOTAyOA!5e0!3m2!1shu!2shu!4v1597180242126!5m2!1shu!2shu\" width=\"100%\" height=\"450\" frameborder=\"0\" style=\"border:0;\" allowfullscreen=\"\" aria-hidden=\"false\" tabindex=\"0\"><\/iframe>[\/et_pb_code][et_pb_text _builder_version=&#8220;4.16&#8243; global_colors_info=&#8220;{}&#8220;]<a name=\"uzenetkuldes\">&nbsp;<\/a>[\/et_pb_text][\/et_pb_column][\/et_pb_row][\/et_pb_section][et_pb_section fb_built=&#8220;1&#8243; _builder_version=&#8220;4.16&#8243; custom_padding=&#8220;7px|0px|54px|0px|false|false&#8220; global_colors_info=&#8220;{}&#8220;][et_pb_row _builder_version=&#8220;4.16&#8243; custom_padding=&#8220;66px|0px|27px|0px|false|false&#8220; global_colors_info=&#8220;{}&#8220;][et_pb_column type=&#8220;4_4&#8243; _builder_version=&#8220;4.16&#8243; custom_padding=&#8220;|||&#8220; global_colors_info=&#8220;{}&#8220; custom_padding__hover=&#8220;|||&#8220;][et_pb_contact_form use_spam_service=&#8220;on&#8220; recaptcha_list=&#8220;bogeszhu V3-0&#8243; email=&#8220;vanka.eszter@bogesz.hu&#8220; title=&#8220;Nap\u00ed\u0161te n\u00e1m&#8220; success_message=&#8220;\u010eakujeme, \u017ee ste n\u00e1s nav\u0161t\u00edvili. N\u00e1\u0161 odborn\u00fd kolega v\u00e1s \u010doskoro nav\u0161t\u00edvi!&#8220; submit_button_text=&#8220;Posla\u0165 spr\u00e1vu&#8220; _builder_version=&#8220;4.16&#8243; _unique_id=&#8220;731a4073-e56b-4b4d-bc86-010d69f366fe&#8220; form_field_text_color=&#8220;#000000&#8243; title_font=&#8220;||||||||&#8220; title_text_color=&#8220;#000000&#8243; form_field_font=&#8220;||||||||&#8220; form_field_font_size=&#8220;16px&#8220; custom_button=&#8220;on&#8220; button_text_color=&#8220;#ffffff&#8220; button_bg_color=&#8220;#056839&#8243; button_border_radius=&#8220;10px&#8220; button_font=&#8220;||||||||&#8220; button_icon=&#8220;&#x49;||divi||400&#8243; text_orientation=&#8220;left&#8220; border_width_all=&#8220;1px&#8220; border_color_all=&#8220;#000000&#8243; global_colors_info=&#8220;{}&#8220;][et_pb_contact_field field_id=&#8220;Name&#8220; field_title=&#8220;Meno (povinn\u00e9)&#8220; _builder_version=&#8220;4.16&#8243; global_colors_info=&#8220;{}&#8220; button_text_size__hover_enabled=&#8220;off&#8220; button_one_text_size__hover_enabled=&#8220;off&#8220; button_two_text_size__hover_enabled=&#8220;off&#8220; button_text_color__hover_enabled=&#8220;off&#8220; button_one_text_color__hover_enabled=&#8220;off&#8220; button_two_text_color__hover_enabled=&#8220;off&#8220; button_border_width__hover_enabled=&#8220;off&#8220; button_one_border_width__hover_enabled=&#8220;off&#8220; button_two_border_width__hover_enabled=&#8220;off&#8220; button_border_color__hover_enabled=&#8220;off&#8220; button_one_border_color__hover_enabled=&#8220;off&#8220; button_two_border_color__hover_enabled=&#8220;off&#8220; button_border_radius__hover_enabled=&#8220;off&#8220; button_one_border_radius__hover_enabled=&#8220;off&#8220; button_two_border_radius__hover_enabled=&#8220;off&#8220; button_letter_spacing__hover_enabled=&#8220;off&#8220; button_one_letter_spacing__hover_enabled=&#8220;off&#8220; button_two_letter_spacing__hover_enabled=&#8220;off&#8220; button_bg_color__hover_enabled=&#8220;off&#8220; button_one_bg_color__hover_enabled=&#8220;off&#8220; button_two_bg_color__hover_enabled=&#8220;off&#8220;][\/et_pb_contact_field][et_pb_contact_field field_id=&#8220;Email&#8220; field_title=&#8220;Email (povinn\u00e9)&#8220; field_type=&#8220;email&#8220; _builder_version=&#8220;4.16&#8243; global_colors_info=&#8220;{}&#8220; button_text_size__hover_enabled=&#8220;off&#8220; button_one_text_size__hover_enabled=&#8220;off&#8220; button_two_text_size__hover_enabled=&#8220;off&#8220; button_text_color__hover_enabled=&#8220;off&#8220; button_one_text_color__hover_enabled=&#8220;off&#8220; button_two_text_color__hover_enabled=&#8220;off&#8220; button_border_width__hover_enabled=&#8220;off&#8220; button_one_border_width__hover_enabled=&#8220;off&#8220; button_two_border_width__hover_enabled=&#8220;off&#8220; button_border_color__hover_enabled=&#8220;off&#8220; button_one_border_color__hover_enabled=&#8220;off&#8220; button_two_border_color__hover_enabled=&#8220;off&#8220; button_border_radius__hover_enabled=&#8220;off&#8220; button_one_border_radius__hover_enabled=&#8220;off&#8220; button_two_border_radius__hover_enabled=&#8220;off&#8220; button_letter_spacing__hover_enabled=&#8220;off&#8220; button_one_letter_spacing__hover_enabled=&#8220;off&#8220; button_two_letter_spacing__hover_enabled=&#8220;off&#8220; button_bg_color__hover_enabled=&#8220;off&#8220; button_one_bg_color__hover_enabled=&#8220;off&#8220; button_two_bg_color__hover_enabled=&#8220;off&#8220;][\/et_pb_contact_field][et_pb_contact_field field_id=&#8220;Phone&#8220; field_title=&#8220;Telef\u00f3n (povinn\u00e9)&#8220; fullwidth_field=&#8220;on&#8220; _builder_version=&#8220;4.16&#8243; global_colors_info=&#8220;{}&#8220;][\/et_pb_contact_field][et_pb_contact_field field_id=&#8220;Message&#8220; field_title=&#8220;Spr\u00e1va&#8220; field_type=&#8220;text&#8220; fullwidth_field=&#8220;on&#8220; _builder_version=&#8220;4.16&#8243; global_colors_info=&#8220;{}&#8220; button_text_size__hover_enabled=&#8220;off&#8220; button_one_text_size__hover_enabled=&#8220;off&#8220; button_two_text_size__hover_enabled=&#8220;off&#8220; button_text_color__hover_enabled=&#8220;off&#8220; button_one_text_color__hover_enabled=&#8220;off&#8220; button_two_text_color__hover_enabled=&#8220;off&#8220; button_border_width__hover_enabled=&#8220;off&#8220; button_one_border_width__hover_enabled=&#8220;off&#8220; button_two_border_width__hover_enabled=&#8220;off&#8220; button_border_color__hover_enabled=&#8220;off&#8220; button_one_border_color__hover_enabled=&#8220;off&#8220; button_two_border_color__hover_enabled=&#8220;off&#8220; button_border_radius__hover_enabled=&#8220;off&#8220; button_one_border_radius__hover_enabled=&#8220;off&#8220; button_two_border_radius__hover_enabled=&#8220;off&#8220; button_letter_spacing__hover_enabled=&#8220;off&#8220; button_one_letter_spacing__hover_enabled=&#8220;off&#8220; button_two_letter_spacing__hover_enabled=&#8220;off&#8220; button_bg_color__hover_enabled=&#8220;off&#8220; button_one_bg_color__hover_enabled=&#8220;off&#8220; button_two_bg_color__hover_enabled=&#8220;off&#8220;][\/et_pb_contact_field][\/et_pb_contact_form][\/et_pb_column][\/et_pb_row][\/et_pb_section]<\/p>\n","protected":false},"excerpt":{"rendered":"<p>Adresa a kontaktn\u00e9 \u00fadaje Adresa Priemyseln\u00e1 oblas\u0165 INTEGR\u00c1L (b\u00fdval\u00fd \u201eH\u00e1zgy\u00e1r)Feh\u00e9rv\u00e1ri \u010d. 75, 9028 Gy\u0151r Kore\u0161ponden\u010dn\u00e1 adresa Ul. Feh\u00e9rv\u00e1ri \u010d. 75, 9028 Gy\u0151r Otv\u00e1racia doba Pon-Pia: 7:00 \u2013 15:00 Telef\u00f3n Centr\u00e1lna kancel\u00e1ria: +36-96\/209-604Kontakty na zodpovedn\u00fdch pracovn\u00edkov s\u00fa zobrazen\u00e9 ni\u017e\u0161ie. Web https:\/\/bogesz.hu E-mail Ponuka, obchod: ajanlat@bogesz.hu Faktur\u00e1cia, financie: penzugy@bogesz.hu Technick\u00e9 inform\u00e1cie, doprava: elokeszites@bogesz.hu Kliknite na mapu pre [&hellip;]<\/p>\n","protected":false},"author":1,"featured_media":0,"parent":0,"menu_order":0,"comment_status":"closed","ping_status":"closed","template":"","meta":{"_et_pb_use_builder":"on","_et_pb_old_content":"","_et_gb_content_width":"","footnotes":""},"class_list":["post-709","page","type-page","status-publish","hentry"],"_links":{"self":[{"href":"https:\/\/bogesz.hu\/sk\/wp-json\/wp\/v2\/pages\/709","targetHints":{"allow":["GET"]}}],"collection":[{"href":"https:\/\/bogesz.hu\/sk\/wp-json\/wp\/v2\/pages"}],"about":[{"href":"https:\/\/bogesz.hu\/sk\/wp-json\/wp\/v2\/types\/page"}],"author":[{"embeddable":true,"href":"https:\/\/bogesz.hu\/sk\/wp-json\/wp\/v2\/users\/1"}],"replies":[{"embeddable":true,"href":"https:\/\/bogesz.hu\/sk\/wp-json\/wp\/v2\/comments?post=709"}],"version-history":[{"count":4,"href":"https:\/\/bogesz.hu\/sk\/wp-json\/wp\/v2\/pages\/709\/revisions"}],"predecessor-version":[{"id":9693,"href":"https:\/\/bogesz.hu\/sk\/wp-json\/wp\/v2\/pages\/709\/revisions\/9693"}],"wp:attachment":[{"href":"https:\/\/bogesz.hu\/sk\/wp-json\/wp\/v2\/media?parent=709"}],"curies":[{"name":"wp","href":"https:\/\/api.w.org\/{rel}","templated":true}]}}