{"id":703,"date":"2021-02-20T17:48:27","date_gmt":"2021-02-20T15:48:27","guid":{"rendered":"https:\/\/bogesz.hu\/galeria\/"},"modified":"2024-07-09T19:15:23","modified_gmt":"2024-07-09T17:15:23","slug":"galeria","status":"publish","type":"page","link":"https:\/\/bogesz.hu\/sk\/galeria\/","title":{"rendered":"Gal\u00e9ria"},"content":{"rendered":"<p>[et_pb_section fb_built=&#8220;1&#8243; _builder_version=&#8220;4.16&#8243; global_colors_info=&#8220;{}&#8220;][et_pb_row _builder_version=&#8220;4.16&#8243; animation_direction=&#8220;right&#8220; global_colors_info=&#8220;{}&#8220;][et_pb_column type=&#8220;4_4&#8243; _builder_version=&#8220;4.16&#8243; custom_padding=&#8220;|||&#8220; global_colors_info=&#8220;{}&#8220; custom_padding__hover=&#8220;|||&#8220;][et_pb_text _builder_version=&#8220;4.16&#8243; header_font=&#8220;Shadows Into Light Two||||||||&#8220; header_text_color=&#8220;#056839&#8243; global_colors_info=&#8220;{}&#8220;]<\/p>\n<div class=\"wpb_row vc_row vc_row-fluid jupiter-donut- mk-fullwidth-false  attched-false     js-master-row  mk-grid mk-in-viewport\" data-mk-stretch-content=\"true\">\n<div class=\"vc_col-sm-12 wpb_column column_container  jupiter-donut- _ jupiter-donut-height-full\">\n<h2 style=\"text-align: center;\"><em>S hrdos\u0165ou v\u00e1m ukazujeme fotografie na\u0161ej v\u00fdrobnej haly so zv\u00fd\u0161enou v\u00fdrobnou kapacitou<\/em><\/h2>\n<div class=\"clearboth\">\u00a0<\/div>\n<\/div>\n<\/div>\n<div class=\"wpb_row vc_row vc_row-fluid jupiter-donut- mk-fullwidth-false  attched-false     js-master-row  mk-grid mk-in-viewport\" data-mk-stretch-content=\"true\">\n<div class=\"vc_col-sm-12 wpb_column column_container  jupiter-donut- _ jupiter-donut-height-full\">\n<section id=\"gallery-loop-5\" class=\"mk-gallery masnory-gallery  jupiter-donut- js-loop js-el jupiter-donut-clearfix mk-gallery-lazyload\" data-mk-component=\"Masonry\" data-masonry-config=\"{&quot;container&quot;:&quot;#gallery-loop-5&quot;, &quot;item&quot;:&quot;.js-gallery-item&quot;, &quot;cols&quot;: &quot;4&quot;}\" data-query=\"eyJwb3N0X3R5cGUiOiJhdHRhY2htZW50IiwiY291bnQiOi0xLCJwb3N0cyI6IjEwMTQsMTAxNSwxMDE2LDEwMTcsMTAzMywxMDMyLDEwMzEsMTAyOCwxMDI3LDEwMjQsMTAyMywxMDIyLDEwMjEsMTAyMCwxMDE5LDEwMTgsMTAyNiwxMDI1LDEwMzQsMTAzNSwxMDM2LDEwMzciLCJvcmRlcmJ5IjoiZGF0ZSIsIm9yZGVyIjoiQVNDIn0=\" data-loop-atts=\"eyJzaG9ydGNvZGVfbmFtZSI6Im1rX2dhbGxlcnkiLCJzdHlsZSI6Im1hc29ucnkiLCJtYXNvbnJheV9zdHlsZSI6InN0eWxlMyIsImhvdmVyX3NjZW5hcmlvcyI6ImZhZGVib3giLCJjb2xsZWN0aW9uX3RpdGxlIjoiIiwiZGlzYWJsZV90aXRsZSI6ImZhbHNlIiwiY29sdW1uX2NzcyI6IiIsImZyYW1lX3N0eWxlIjoic2ltcGxlIiwiY3VzdG9tX2xpbmtzIjpbIiJdLCJpbWFnZV9zaXplIjoiY3JvcCIsImhlaWdodCI6NTAwLCJjb2x1bW4iOjMsImlkIjo1LCJsYXp5bG9hZCI6ImZhbHNlIiwiaSI6MH0=\" data-pagination-style=\"1\" data-max-pages=\"0\" data-loop-iterator=\"-1\" data-min-width=\"1200\" data-total-col=\"4\" data-total-row=\"9\" data-wall-width=\"930\" data-wall-height=\"2093\">\n<article id=\"1-2\" class=\"mk-gallery-item js-gallery-item hover-fadebox gallery-mansory-small simple-frame hover-title-false\" data-delay=\"1\" data-height=\"233\" data-width=\"233\" data-state=\"start\">\n<h1 class=\"item-holder\">\u00a0<\/h1>\n<\/article>\n<\/section>\n<\/div>\n<\/div>\n<p>[\/et_pb_text][et_pb_gallery gallery_ids=&#8220;74,140,147,149,150,125,152,153,154,155,126,157,158,159,160,132&#8243; posts_number=&#8220;30&#8243; orientation=&#8220;portrait&#8220; show_title_and_caption=&#8220;off&#8220; show_pagination=&#8220;off&#8220; _builder_version=&#8220;4.16&#8243; border_radii_image=&#8220;on|10px|10px|10px|10px&#8220; border_width_all_image=&#8220;1px&#8220; border_color_all_image=&#8220;#056839&#8243; box_shadow_style_image=&#8220;preset4&#8243; box_shadow_horizontal_image=&#8220;5px&#8220; box_shadow_vertical_image=&#8220;5px&#8220; global_colors_info=&#8220;{}&#8220;][\/et_pb_gallery][\/et_pb_column][\/et_pb_row][\/et_pb_section]<\/p>\n","protected":false},"excerpt":{"rendered":"<p>S hrdos\u0165ou v\u00e1m ukazujeme fotografie na\u0161ej v\u00fdrobnej haly so zv\u00fd\u0161enou v\u00fdrobnou kapacitou \u00a0 \u00a0<\/p>\n","protected":false},"author":1,"featured_media":0,"parent":0,"menu_order":0,"comment_status":"closed","ping_status":"closed","template":"","meta":{"_et_pb_use_builder":"on","_et_pb_old_content":"","_et_gb_content_width":"","footnotes":""},"class_list":["post-703","page","type-page","status-publish","hentry"],"_links":{"self":[{"href":"https:\/\/bogesz.hu\/sk\/wp-json\/wp\/v2\/pages\/703","targetHints":{"allow":["GET"]}}],"collection":[{"href":"https:\/\/bogesz.hu\/sk\/wp-json\/wp\/v2\/pages"}],"about":[{"href":"https:\/\/bogesz.hu\/sk\/wp-json\/wp\/v2\/types\/page"}],"author":[{"embeddable":true,"href":"https:\/\/bogesz.hu\/sk\/wp-json\/wp\/v2\/users\/1"}],"replies":[{"embeddable":true,"href":"https:\/\/bogesz.hu\/sk\/wp-json\/wp\/v2\/comments?post=703"}],"version-history":[{"count":5,"href":"https:\/\/bogesz.hu\/sk\/wp-json\/wp\/v2\/pages\/703\/revisions"}],"predecessor-version":[{"id":9678,"href":"https:\/\/bogesz.hu\/sk\/wp-json\/wp\/v2\/pages\/703\/revisions\/9678"}],"wp:attachment":[{"href":"https:\/\/bogesz.hu\/sk\/wp-json\/wp\/v2\/media?parent=703"}],"curies":[{"name":"wp","href":"https:\/\/api.w.org\/{rel}","templated":true}]}}