{"id":697,"date":"2021-02-20T17:26:51","date_gmt":"2021-02-20T15:26:51","guid":{"rendered":"https:\/\/bogesz.hu\/o-nas\/"},"modified":"2024-07-09T19:25:19","modified_gmt":"2024-07-09T17:25:19","slug":"o-nas","status":"publish","type":"page","link":"https:\/\/bogesz.hu\/sk\/o-nas\/","title":{"rendered":"O n\u00e1s"},"content":{"rendered":"<p>[et_pb_section fb_built=&#8220;1&#8243; _builder_version=&#8220;4.16&#8243; top_divider_height=&#8220;20px&#8220; bottom_divider_style=&#8220;asymmetric4&#8243; bottom_divider_color=&#8220;#056839&#8243; bottom_divider_height=&#8220;40px&#8220; global_colors_info=&#8220;{}&#8220;][et_pb_row _builder_version=&#8220;4.16&#8243; custom_padding=&#8220;12px|0px|2px|0px|false|false&#8220; global_colors_info=&#8220;{}&#8220;][et_pb_column type=&#8220;4_4&#8243; _builder_version=&#8220;4.16&#8243; custom_padding=&#8220;|||&#8220; global_colors_info=&#8220;{}&#8220; custom_padding__hover=&#8220;|||&#8220;][et_pb_text _builder_version=&#8220;4.16&#8243; text_font=&#8220;||||||||&#8220; text_text_color=&#8220;#000000&#8243; text_font_size=&#8220;16px&#8220; header_font=&#8220;||||||||&#8220; header_text_color=&#8220;#056839&#8243; header_font_size=&#8220;26px&#8220; global_colors_info=&#8220;{}&#8220;]<\/p>\n<h1 style=\"text-align: center;\">O n\u00e1s<\/h1>\n<p>[\/et_pb_text][\/et_pb_column][\/et_pb_row][et_pb_row _builder_version=&#8220;4.16&#8243; custom_padding=&#8220;21px|0px|21.0625px|0px|false|false&#8220; global_colors_info=&#8220;{}&#8220; column_structure=&#8220;1_2,1_2&#8243;][et_pb_column type=&#8220;1_2&#8243; _builder_version=&#8220;4.16&#8243; custom_padding=&#8220;|||&#8220; global_colors_info=&#8220;{}&#8220; custom_padding__hover=&#8220;|||&#8220;][et_pb_image src=&#8220;https:\/\/bogesz.hu\/wp-content\/uploads\/2020\/08\/bogesz-2006-kft-betonacel-uzemcsarnok_24-1024&#215;1024-1.jpg&#8220; align_tablet=&#8220;center&#8220; align_last_edited=&#8220;on|desktop&#8220; _builder_version=&#8220;4.16&#8243; border_width_top=&#8220;19px&#8220; border_color_top=&#8220;rgba(0,0,0,0)&#8220; global_colors_info=&#8220;{}&#8220; align_phone=&#8220;center&#8220;][\/et_pb_image][\/et_pb_column][et_pb_column type=&#8220;1_2&#8243; _builder_version=&#8220;4.16&#8243; custom_padding=&#8220;|||&#8220; global_colors_info=&#8220;{}&#8220; custom_padding__hover=&#8220;|||&#8220;][et_pb_text _builder_version=&#8220;4.16&#8243; text_font=&#8220;||||||||&#8220; text_text_color=&#8220;#000000&#8243; text_font_size=&#8220;15px&#8220; custom_padding=&#8220;||10px&#8220; global_colors_info=&#8220;{}&#8220;]<\/p>\n<blockquote>\n<p style=\"text-align: justify;\">Spo\u010diatku, sme sa ako troj-osobov\u00fd mikropodnik z roka na rok rozv\u00edjali od spolo\u010denstva po spolo\u010dnos\u0165 s ru\u010den\u00edm obmedzen\u00fdm. V marci 2017 sme spustili n\u00e1\u0161 nov\u00fd z\u00e1vod na spracovanie rebrovanej oce\u013eovej v\u00fdstu\u017ee v Gy\u0151ri, v priemyselnom parku Integral na Feh\u00e9rv\u00e1rskej ceste. Do roku 2019 sme roz\u0161\u00edrili na\u0161u v\u00fdrobn\u00fa halu s rozlohou 1 800 m2 o vonkaj\u0161iu halu s mostov\u00fdmi \u017eeriavmi a nak\u00fapili sme nov\u0161ie stroje, \u010d\u00edm sme zv\u00fd\u0161ili na\u0161u v\u00fdrobn\u00fa kapacitu. Na\u0161e ro\u010dn\u00e9 tr\u017eby presiahli 1,9 miliardy HUF a n\u00e1\u0161 po\u010det zamestnancov dosiahol 17 \u013eud\u00ed. Okrem obsluhy fyzick\u00fdch os\u00f4b spolupracujeme s mnoh\u00fdmi mal\u00fdmi a stredn\u00fdmi podnikmi v regi\u00f3ne, ako aj s dom\u00e1cimi a medzin\u00e1rodn\u00fdmi gener\u00e1lnymi dod\u00e1vate\u013emi a realiz\u00e1tormi.<\/p>\n<p style=\"text-align: justify;\">\u00a0<\/p>\n<p style=\"text-align: justify;\"><span style=\"font-size: 15px;\"><span style=\"text-decoration: underline;\"><a href=\"https:\/\/bogesz.hu\/realizacia-betonovej-vystuze\/?lang=sk\" target=\"_blank\" rel=\"noopener noreferrer\">Na\u0161e <\/a><\/span> referencie<\/span><\/p>\n<p style=\"text-align: justify;\"><span style=\"font-size: 15px;\">Pre dosiahnutie vy\u0161\u0161ie uveden\u00fdch v\u00fdsledkov je nevyhnutn\u00e1 kvalitn\u00e1 pr\u00e1ca na\u0161ich kolegov, ktor\u00ed s\u00fa u\u017e nieko\u013eko rokov stabiln\u00ed. Okrem rast\u00facich objedn\u00e1vok a meniacich sa potrieb z\u00e1kazn\u00edkov sme museli neust\u00e1le zvy\u0161ova\u0165 na\u0161u v\u00fdrobn\u00fa kapacitu, \u010do pre n\u00e1s \u010dasto predstavovalo v\u00e1\u017enu v\u00fdzvu, ale na\u0161i dobre pripraven\u00ed a kreat\u00edvni pracovn\u00edci na\u0161li v\u017edy rie\u0161enie.<\/span><\/p>\n<p style=\"text-align: justify;\"><span style=\"font-weight: 400;\">V\u00fdsledkom spolo\u010dnej pr\u00e1ce je, \u017ee n\u00e1\u0161 z\u00e1vod v s\u00fa\u010dasnosti pracuje s mesa\u010dnou kapacitou 1 500 ton\/zmena.<\/span><\/p>\n<p style=\"text-align: justify;\"><span style=\"font-weight: 400;\">Objednajte si mont\u00e1\u017e nami vyroben\u00e9ho materi\u00e1lu u \u010dlena na\u0161ej obchodnej skupiny, spolo\u010dnost\u00ed <span style=\"text-decoration: underline;\"><a href=\"https:\/\/bjb.hu\">BJB System s.r.o.,<\/a><\/span> aby ste sa nemuseli ob\u00e1va\u0165 probl\u00e9mov so z\u00e1rukou.<\/span><\/p>\n<p style=\"text-align: justify;\"><span style=\"font-weight: 400;\">Na\u0161im cie\u013eom je udr\u017ea\u0165 si ved\u00face postavenie na z\u00e1padnom Ma\u010farsku a \u010falej roz\u0161irova\u0165 rady na\u0161ich spokojn\u00fdch partnerov.<\/span><\/p>\n<\/blockquote>\n<p>[\/et_pb_text][\/et_pb_column][\/et_pb_row][\/et_pb_section][et_pb_section fb_built=&#8220;1&#8243; _builder_version=&#8220;4.16&#8243; top_divider_style=&#8220;slant2&#8243; top_divider_color=&#8220;#056839&#8243; top_divider_height=&#8220;40px&#8220; bottom_divider_style=&#8220;slant2&#8243; bottom_divider_color=&#8220;#056839&#8243; bottom_divider_height=&#8220;40px&#8220; bottom_divider_flip=&#8220;vertical&#8220; global_colors_info=&#8220;{}&#8220;][et_pb_row _builder_version=&#8220;4.16&#8243; global_colors_info=&#8220;{}&#8220; column_structure=&#8220;1_2,1_2&#8243;][et_pb_column type=&#8220;1_2&#8243; _builder_version=&#8220;4.16&#8243; custom_padding=&#8220;|||&#8220; global_colors_info=&#8220;{}&#8220; custom_padding__hover=&#8220;|||&#8220;][et_pb_text _builder_version=&#8220;4.16&#8243; text_font=&#8220;||||||||&#8220; text_text_color=&#8220;#000000&#8243; text_font_size=&#8220;16px&#8220; header_font=&#8220;||||||||&#8220; header_text_color=&#8220;#056839&#8243; header_font_size=&#8220;26px&#8220; global_colors_info=&#8220;{}&#8220;]<\/p>\n<h1 style=\"text-align: center;\">Na\u0161im z\u00e1kazn\u00edkom vieme pom\u00f4c\u0165 v nasledovn\u00fdch z\u00e1le\u017eitostiach:<\/h1>\n<p>[\/et_pb_text][et_pb_text _builder_version=&#8220;4.16&#8243; text_font=&#8220;||||||||&#8220; text_text_color=&#8220;#000000&#8243; text_font_size=&#8220;15px&#8220; global_colors_info=&#8220;{}&#8220;]<\/p>\n<p><span style=\"color: #008000;\">\u25b6<\/span> V\u00fdpo\u010det potrebn\u00e9ho mno\u017estva materi\u00e1lu na z\u00e1klade v\u00fdkresov\u00fdch podkladov. <\/p>\n<p><span style=\"color: #008000;\">\u25b6<\/span> V\u00fdroba po\u017eadovanej bet\u00f3novej v\u00fdstu\u017ee, jej rezanie a oh\u00fdbanie.<\/p>\n<p><span style=\"color: #008000;\">\u25b6<\/span>\u00a0Zv\u00e4zkovanie a ozna\u010dovanie poz\u00edci\u00ed vyroben\u00fdch pod\u013ea statick\u00e9ho pl\u00e1nu. <\/p>\n<p><span style=\"color: #008000;\">\u25b6\u00a0<\/span>Doprava ozna\u010den\u00fdch zv\u00e4zkov na miesto ur\u010denia v dohodnutom \u010dase.<\/p>\n<p>&nbsp;<\/p>\n<p>&nbsp;<\/p>\n<p>[\/et_pb_text][et_pb_button button_text=&#8220;Prezrite si n\u00e1\u0161 z\u00e1vod s v\u00e4\u010d\u0161ou kapacitou!&#8220; _builder_version=&#8220;4.16&#8243; custom_button=&#8220;on&#8220; button_text_size=&#8220;16px&#8220; button_text_color=&#8220;#ffffff&#8220; button_bg_color=&#8220;#056839&#8243; button_border_radius=&#8220;10px&#8220; button_font=&#8220;||||||||&#8220; button_icon=&#8220;&#x49;||divi||400&#8243; global_colors_info=&#8220;{}&#8220;][\/et_pb_button][\/et_pb_column][et_pb_column type=&#8220;1_2&#8243; _builder_version=&#8220;4.16&#8243; custom_padding=&#8220;|||&#8220; global_colors_info=&#8220;{}&#8220; custom_padding__hover=&#8220;|||&#8220;][et_pb_image src=&#8220;https:\/\/bogesz.hu\/wp-content\/uploads\/2020\/08\/bogesz-2006-kft-betonacel-uzemcsarnok_16-1024&#215;774-1.jpg&#8220; align_tablet=&#8220;center&#8220; align_last_edited=&#8220;on|desktop&#8220; _builder_version=&#8220;4.16&#8243; global_colors_info=&#8220;{}&#8220; align_phone=&#8220;center&#8220;][\/et_pb_image][\/et_pb_column][\/et_pb_row][\/et_pb_section][et_pb_section fb_built=&#8220;1&#8243; _builder_version=&#8220;4.16&#8243; custom_margin_tablet=&#8220;&#8220; custom_margin_phone=&#8220;-50px||&#8220; custom_margin_last_edited=&#8220;on|phone&#8220; custom_padding=&#8220;45.6094px|0px|70px|0px|false|false&#8220; top_divider_style=&#8220;asymmetric4&#8243; top_divider_color=&#8220;#056839&#8243; top_divider_height=&#8220;30px&#8220; global_colors_info=&#8220;{}&#8220;][et_pb_row _builder_version=&#8220;4.16&#8243; global_colors_info=&#8220;{}&#8220; column_structure=&#8220;1_2,1_2&#8243;][et_pb_column type=&#8220;1_2&#8243; _builder_version=&#8220;4.16&#8243; custom_padding=&#8220;|||&#8220; global_colors_info=&#8220;{}&#8220; custom_padding__hover=&#8220;|||&#8220;][et_pb_text _builder_version=&#8220;4.16&#8243; text_font=&#8220;||||||||&#8220; text_text_color=&#8220;#000000&#8243; text_font_size=&#8220;16px&#8220; custom_margin=&#8220;100px||&#8220; custom_margin_tablet=&#8220;0px||&#8220; custom_margin_phone=&#8220;0px||&#8220; custom_margin_last_edited=&#8220;on|phone&#8220; global_colors_info=&#8220;{}&#8220;]<\/p>\n<blockquote>\n<p style=\"text-align: left;\">Na\u0161e tr\u017eby a po\u010det zamestnancov sa v\u00fdznamne zv\u00fd\u0161il v d\u00f4sledku roz\u0161\u00edrenia z\u00e1vodu v roku 2017 a v tomto v\u00fdvoji pokra\u010dujeme aj dnes!<\/p>\n<\/blockquote>\n<p>[\/et_pb_text][\/et_pb_column][et_pb_column type=&#8220;1_2&#8243; _builder_version=&#8220;4.16&#8243; custom_padding=&#8220;|||&#8220; global_colors_info=&#8220;{}&#8220; custom_padding__hover=&#8220;|||&#8220;][et_pb_image src=&#8220;https:\/\/bogesz.hu\/wp-content\/uploads\/2020\/09\/bogesz-bevetel-diagram_2.jpg&#8220; align_tablet=&#8220;center&#8220; align_last_edited=&#8220;on|desktop&#8220; _builder_version=&#8220;4.16&#8243; global_colors_info=&#8220;{}&#8220; align_phone=&#8220;center&#8220;][\/et_pb_image][\/et_pb_column][\/et_pb_row][\/et_pb_section][et_pb_section fb_built=&#8220;1&#8243; _builder_version=&#8220;4.16&#8243; global_colors_info=&#8220;{}&#8220;][et_pb_row _builder_version=&#8220;4.16&#8243; global_colors_info=&#8220;{}&#8220;][et_pb_column type=&#8220;4_4&#8243; _builder_version=&#8220;4.16&#8243; custom_padding=&#8220;|||&#8220; global_colors_info=&#8220;{}&#8220; custom_padding__hover=&#8220;|||&#8220;][et_pb_divider divider_weight=&#8220;2px&#8220; _builder_version=&#8220;4.16&#8243; max_width=&#8220;22%&#8220; module_alignment=&#8220;center&#8220; custom_margin=&#8220;||-10px&#8220; global_colors_info=&#8220;{}&#8220;][\/et_pb_divider][et_pb_text _builder_version=&#8220;4.16&#8243; header_font=&#8220;||||||||&#8220; header_text_color=&#8220;#056839&#8243; global_colors_info=&#8220;{}&#8220;]<\/p>\n<h1 style=\"text-align: center;\">Na\u0161i zamestnanci<\/h1>\n<p>[\/et_pb_text][et_pb_divider divider_weight=&#8220;2px&#8220; _builder_version=&#8220;4.16&#8243; max_width=&#8220;22%&#8220; module_alignment=&#8220;center&#8220; custom_margin=&#8220;-20px||&#8220; global_colors_info=&#8220;{}&#8220;][\/et_pb_divider][\/et_pb_column][\/et_pb_row][et_pb_row _builder_version=&#8220;4.16&#8243; global_colors_info=&#8220;{}&#8220; column_structure=&#8220;1_4,1_4,1_4,1_4&#8243;][et_pb_column type=&#8220;1_4&#8243; _builder_version=&#8220;4.16&#8243; custom_padding=&#8220;|||&#8220; global_colors_info=&#8220;{}&#8220; custom_padding__hover=&#8220;|||&#8220;][\/et_pb_column][et_pb_column type=&#8220;1_4&#8243; _builder_version=&#8220;4.16&#8243; custom_padding=&#8220;|||&#8220; global_colors_info=&#8220;{}&#8220; custom_padding__hover=&#8220;|||&#8220;][et_pb_team_member name=&#8220;TIBOR BALLAI&#8220; position=&#8220;Konate\u013e&#8220; image_url=&#8220;data:image\/svg+xml;base64,PHN2ZyB3aWR0aD0iNTAwIiBoZWlnaHQ9IjUwMCIgdmlld0JveD0iMCAwIDUwMCA1MDAiIHhtbG5zPSJodHRwOi8vd3d3LnczLm9yZy8yMDAwL3N2ZyI+CiAgICA8ZyBmaWxsPSJub25lIiBmaWxsLXJ1bGU9ImV2ZW5vZGQiPgogICAgICAgIDxwYXRoIGZpbGw9IiNFQkVCRUIiIGQ9Ik0wIDBoNTAwdjUwMEgweiIvPgogICAgICAgIDxyZWN0IGZpbGwtb3BhY2l0eT0iLjEiIGZpbGw9IiMwMDAiIHg9IjY4IiB5PSIzMDUiIHdpZHRoPSIzNjQiIGhlaWdodD0iNTY4IiByeD0iMTgyIi8+CiAgICAgICAgPGNpcmNsZSBmaWxsLW9wYWNpdHk9Ii4xIiBmaWxsPSIjMDAwIiBjeD0iMjQ5IiBjeT0iMTcyIiByPSIxMDAiLz4KICAgIDwvZz4KPC9zdmc+Cg==&#8220; _builder_version=&#8220;4.16&#8243; header_font=&#8220;|700|||||||&#8220; header_text_align=&#8220;center&#8220; header_text_color=&#8220;#056839&#8243; body_font=&#8220;||||||||&#8220; body_text_align=&#8220;center&#8220; global_colors_info=&#8220;{}&#8220;]<\/p>\n<p style=\"text-align: center;\"><a href=\"mailto:ballai.tibor@bogesz.hu\">ballai.tibor@bogesz.hu<\/a><\/p>\n<p><a href=\"tel:+36 20 225 1095\">+36 20 225 1095<\/a>[\/et_pb_team_member][\/et_pb_column][et_pb_column type=&#8220;1_4&#8243; _builder_version=&#8220;4.16&#8243; custom_padding=&#8220;|||&#8220; global_colors_info=&#8220;{}&#8220; custom_padding__hover=&#8220;|||&#8220;][et_pb_team_member name=&#8220;ESZTER VANKA&#8220; position=&#8220;Obchodn\u00e1 ved\u00faca&#8220; image_url=&#8220;data:image\/svg+xml;base64,PHN2ZyB3aWR0aD0iNTAwIiBoZWlnaHQ9IjUwMCIgdmlld0JveD0iMCAwIDUwMCA1MDAiIHhtbG5zPSJodHRwOi8vd3d3LnczLm9yZy8yMDAwL3N2ZyI+CiAgICA8ZyBmaWxsPSJub25lIiBmaWxsLXJ1bGU9ImV2ZW5vZGQiPgogICAgICAgIDxwYXRoIGZpbGw9IiNFQkVCRUIiIGQ9Ik0wIDBoNTAwdjUwMEgweiIvPgogICAgICAgIDxyZWN0IGZpbGwtb3BhY2l0eT0iLjEiIGZpbGw9IiMwMDAiIHg9IjY4IiB5PSIzMDUiIHdpZHRoPSIzNjQiIGhlaWdodD0iNTY4IiByeD0iMTgyIi8+CiAgICAgICAgPGNpcmNsZSBmaWxsLW9wYWNpdHk9Ii4xIiBmaWxsPSIjMDAwIiBjeD0iMjQ5IiBjeT0iMTcyIiByPSIxMDAiLz4KICAgIDwvZz4KPC9zdmc+Cg==&#8220; _builder_version=&#8220;4.16&#8243; header_font=&#8220;|700|||||||&#8220; header_text_align=&#8220;center&#8220; header_text_color=&#8220;#056839&#8243; body_font=&#8220;||||||||&#8220; body_text_align=&#8220;center&#8220; global_colors_info=&#8220;{}&#8220;]<\/p>\n<p style=\"text-align: center;\"><a href=\"mailto:vanka.eszter@bogesz.hu\">vanka.eszter@bogesz.hu<\/a><\/p>\n<p><a href=\"tel:+36 20 852 83 83\">+36 20 852 83 83<\/a>[\/et_pb_team_member][\/et_pb_column][et_pb_column type=&#8220;1_4&#8243; _builder_version=&#8220;4.16&#8243; custom_padding=&#8220;|||&#8220; global_colors_info=&#8220;{}&#8220; custom_padding__hover=&#8220;|||&#8220;][\/et_pb_column][\/et_pb_row][et_pb_row _builder_version=&#8220;4.16&#8243; global_colors_info=&#8220;{}&#8220; column_structure=&#8220;1_4,1_4,1_4,1_4&#8243;][et_pb_column type=&#8220;1_4&#8243; _builder_version=&#8220;4.16&#8243; custom_padding=&#8220;|||&#8220; global_colors_info=&#8220;{}&#8220; custom_padding__hover=&#8220;|||&#8220;][et_pb_team_member name=&#8220;ZOLT\u00c1N HARTVICH&#8220; position=&#8220;Pr\u00edprava&#8220; image_url=&#8220;data:image\/svg+xml;base64,PHN2ZyB3aWR0aD0iNTAwIiBoZWlnaHQ9IjUwMCIgdmlld0JveD0iMCAwIDUwMCA1MDAiIHhtbG5zPSJodHRwOi8vd3d3LnczLm9yZy8yMDAwL3N2ZyI+CiAgICA8ZyBmaWxsPSJub25lIiBmaWxsLXJ1bGU9ImV2ZW5vZGQiPgogICAgICAgIDxwYXRoIGZpbGw9IiNFQkVCRUIiIGQ9Ik0wIDBoNTAwdjUwMEgweiIvPgogICAgICAgIDxyZWN0IGZpbGwtb3BhY2l0eT0iLjEiIGZpbGw9IiMwMDAiIHg9IjY4IiB5PSIzMDUiIHdpZHRoPSIzNjQiIGhlaWdodD0iNTY4IiByeD0iMTgyIi8+CiAgICAgICAgPGNpcmNsZSBmaWxsLW9wYWNpdHk9Ii4xIiBmaWxsPSIjMDAwIiBjeD0iMjQ5IiBjeT0iMTcyIiByPSIxMDAiLz4KICAgIDwvZz4KPC9zdmc+Cg==&#8220; _builder_version=&#8220;4.16&#8243; header_font=&#8220;|700|||||||&#8220; header_text_color=&#8220;#056839&#8243; body_font=&#8220;||||||||&#8220; body_text_align=&#8220;center&#8220; global_colors_info=&#8220;{}&#8220;]<\/p>\n<p style=\"text-align: center;\"><a href=\"mailto:elokeszites@bogesz.hu\">elokeszites@bogesz.hu<\/a><\/p>\n<p><a href=\"tel:+36 20 852 8381\">+36 20 852 8381<\/a>[\/et_pb_team_member][\/et_pb_column][et_pb_column type=&#8220;1_4&#8243; _builder_version=&#8220;4.16&#8243; custom_padding=&#8220;|||&#8220; global_colors_info=&#8220;{}&#8220; custom_padding__hover=&#8220;|||&#8220;][et_pb_team_member name=&#8220;ZOLT\u00c1N BOGN\u00c1R&#8220; position=&#8220;Pr\u00edprava&#8220; image_url=&#8220;data:image\/svg+xml;base64,PHN2ZyB3aWR0aD0iNTAwIiBoZWlnaHQ9IjUwMCIgdmlld0JveD0iMCAwIDUwMCA1MDAiIHhtbG5zPSJodHRwOi8vd3d3LnczLm9yZy8yMDAwL3N2ZyI+CiAgICA8ZyBmaWxsPSJub25lIiBmaWxsLXJ1bGU9ImV2ZW5vZGQiPgogICAgICAgIDxwYXRoIGZpbGw9IiNFQkVCRUIiIGQ9Ik0wIDBoNTAwdjUwMEgweiIvPgogICAgICAgIDxyZWN0IGZpbGwtb3BhY2l0eT0iLjEiIGZpbGw9IiMwMDAiIHg9IjY4IiB5PSIzMDUiIHdpZHRoPSIzNjQiIGhlaWdodD0iNTY4IiByeD0iMTgyIi8+CiAgICAgICAgPGNpcmNsZSBmaWxsLW9wYWNpdHk9Ii4xIiBmaWxsPSIjMDAwIiBjeD0iMjQ5IiBjeT0iMTcyIiByPSIxMDAiLz4KICAgIDwvZz4KPC9zdmc+Cg==&#8220; _builder_version=&#8220;4.16&#8243; header_font=&#8220;|700|||||||&#8220; header_text_align=&#8220;center&#8220; header_text_color=&#8220;#056839&#8243; body_font=&#8220;||||||||&#8220; body_text_align=&#8220;center&#8220; global_colors_info=&#8220;{}&#8220;]<\/p>\n<p style=\"text-align: center;\"><a href=\"mailto:elokeszites@bogesz.hu\">elokeszites@bogesz.hu<\/a><\/p>\n<p><a href=\"tel:+36 20 852 8378\">+36 20 852 8378<\/a>[\/et_pb_team_member][\/et_pb_column][et_pb_column type=&#8220;1_4&#8243; _builder_version=&#8220;4.16&#8243; custom_padding=&#8220;|||&#8220; global_colors_info=&#8220;{}&#8220; custom_padding__hover=&#8220;|||&#8220;][et_pb_team_member name=&#8220;M\u00d3NIKA PINT\u00c9R&#8220; position=&#8220;Doprava&#8220; image_url=&#8220;data:image\/svg+xml;base64,PHN2ZyB3aWR0aD0iNTAwIiBoZWlnaHQ9IjUwMCIgdmlld0JveD0iMCAwIDUwMCA1MDAiIHhtbG5zPSJodHRwOi8vd3d3LnczLm9yZy8yMDAwL3N2ZyI+CiAgICA8ZyBmaWxsPSJub25lIiBmaWxsLXJ1bGU9ImV2ZW5vZGQiPgogICAgICAgIDxwYXRoIGZpbGw9IiNFQkVCRUIiIGQ9Ik0wIDBoNTAwdjUwMEgweiIvPgogICAgICAgIDxyZWN0IGZpbGwtb3BhY2l0eT0iLjEiIGZpbGw9IiMwMDAiIHg9IjY4IiB5PSIzMDUiIHdpZHRoPSIzNjQiIGhlaWdodD0iNTY4IiByeD0iMTgyIi8+CiAgICAgICAgPGNpcmNsZSBmaWxsLW9wYWNpdHk9Ii4xIiBmaWxsPSIjMDAwIiBjeD0iMjQ5IiBjeT0iMTcyIiByPSIxMDAiLz4KICAgIDwvZz4KPC9zdmc+Cg==&#8220; _builder_version=&#8220;4.16&#8243; header_font=&#8220;|700|||||||&#8220; header_text_align=&#8220;center&#8220; header_text_color=&#8220;#056839&#8243; body_font=&#8220;||||||||&#8220; body_text_align=&#8220;center&#8220; global_colors_info=&#8220;{}&#8220;]<\/p>\n<p style=\"text-align: center;\"><a href=\"mailto:elokeszites@bogesz.hu\">elokeszites@bogesz.hu<\/a><\/p>\n<p><a href=\"tel:+36 30 448 6488\">+36 30 448 6488<\/a>[\/et_pb_team_member][\/et_pb_column][et_pb_column type=&#8220;1_4&#8243; _builder_version=&#8220;4.16&#8243; custom_padding=&#8220;|||&#8220; global_colors_info=&#8220;{}&#8220; custom_padding__hover=&#8220;|||&#8220;][et_pb_team_member name=&#8220;MARIANNA HAJZS\u00d3N\u00c9 SZAB\u00d3 &#8220; position=&#8220;Faktur\u00e1cia&#8220; image_url=&#8220;data:image\/svg+xml;base64,PHN2ZyB3aWR0aD0iNTAwIiBoZWlnaHQ9IjUwMCIgdmlld0JveD0iMCAwIDUwMCA1MDAiIHhtbG5zPSJodHRwOi8vd3d3LnczLm9yZy8yMDAwL3N2ZyI+CiAgICA8ZyBmaWxsPSJub25lIiBmaWxsLXJ1bGU9ImV2ZW5vZGQiPgogICAgICAgIDxwYXRoIGZpbGw9IiNFQkVCRUIiIGQ9Ik0wIDBoNTAwdjUwMEgweiIvPgogICAgICAgIDxyZWN0IGZpbGwtb3BhY2l0eT0iLjEiIGZpbGw9IiMwMDAiIHg9IjY4IiB5PSIzMDUiIHdpZHRoPSIzNjQiIGhlaWdodD0iNTY4IiByeD0iMTgyIi8+CiAgICAgICAgPGNpcmNsZSBmaWxsLW9wYWNpdHk9Ii4xIiBmaWxsPSIjMDAwIiBjeD0iMjQ5IiBjeT0iMTcyIiByPSIxMDAiLz4KICAgIDwvZz4KPC9zdmc+Cg==&#8220; _builder_version=&#8220;4.16&#8243; header_font=&#8220;|700|||||||&#8220; header_text_align=&#8220;center&#8220; header_text_color=&#8220;#056839&#8243; body_font=&#8220;||||||||&#8220; body_text_align=&#8220;center&#8220; global_colors_info=&#8220;{}&#8220;]<\/p>\n<p style=\"text-align: center;\"><span>\u00a0<\/span><a href=\"mailto:penzugy@bogesz.hu\">penzugy@bogesz.hu<\/a><\/p>\n<p><a href=\"tel:+36 30 368 6624\">+36 30 368 6624<\/a>[\/et_pb_team_member][\/et_pb_column][\/et_pb_row][\/et_pb_section]<\/p>\n","protected":false},"excerpt":{"rendered":"<p>O n\u00e1s Spo\u010diatku, sme sa ako troj-osobov\u00fd mikropodnik z roka na rok rozv\u00edjali od spolo\u010denstva po spolo\u010dnos\u0165 s ru\u010den\u00edm obmedzen\u00fdm. V marci 2017 sme spustili n\u00e1\u0161 nov\u00fd z\u00e1vod na spracovanie rebrovanej oce\u013eovej v\u00fdstu\u017ee v Gy\u0151ri, v priemyselnom parku Integral na Feh\u00e9rv\u00e1rskej ceste. Do roku 2019 sme roz\u0161\u00edrili na\u0161u v\u00fdrobn\u00fa halu s rozlohou 1 800 m2 [&hellip;]<\/p>\n","protected":false},"author":1,"featured_media":0,"parent":0,"menu_order":0,"comment_status":"closed","ping_status":"closed","template":"","meta":{"_et_pb_use_builder":"on","_et_pb_old_content":"","_et_gb_content_width":"","footnotes":""},"class_list":["post-697","page","type-page","status-publish","hentry"],"_links":{"self":[{"href":"https:\/\/bogesz.hu\/sk\/wp-json\/wp\/v2\/pages\/697","targetHints":{"allow":["GET"]}}],"collection":[{"href":"https:\/\/bogesz.hu\/sk\/wp-json\/wp\/v2\/pages"}],"about":[{"href":"https:\/\/bogesz.hu\/sk\/wp-json\/wp\/v2\/types\/page"}],"author":[{"embeddable":true,"href":"https:\/\/bogesz.hu\/sk\/wp-json\/wp\/v2\/users\/1"}],"replies":[{"embeddable":true,"href":"https:\/\/bogesz.hu\/sk\/wp-json\/wp\/v2\/comments?post=697"}],"version-history":[{"count":3,"href":"https:\/\/bogesz.hu\/sk\/wp-json\/wp\/v2\/pages\/697\/revisions"}],"predecessor-version":[{"id":9694,"href":"https:\/\/bogesz.hu\/sk\/wp-json\/wp\/v2\/pages\/697\/revisions\/9694"}],"wp:attachment":[{"href":"https:\/\/bogesz.hu\/sk\/wp-json\/wp\/v2\/media?parent=697"}],"curies":[{"name":"wp","href":"https:\/\/api.w.org\/{rel}","templated":true}]}}