{"id":691,"date":"2021-02-20T16:38:00","date_gmt":"2021-02-20T14:38:00","guid":{"rendered":"https:\/\/bogesz.hu\/hlavna-stranka\/"},"modified":"2024-07-09T19:27:52","modified_gmt":"2024-07-09T17:27:52","slug":"hlavna-stranka","status":"publish","type":"page","link":"https:\/\/bogesz.hu\/sk\/","title":{"rendered":"Hlavn\u00e1 str\u00e1nka"},"content":{"rendered":"<p>[et_pb_section fb_built=&#8220;1&#8243; fullwidth=&#8220;on&#8220; disabled_on=&#8220;on|off|off&#8220; _builder_version=&#8220;4.16&#8243; global_colors_info=&#8220;{}&#8220;][et_pb_fullwidth_slider _builder_version=&#8220;4.16&#8243; header_font=&#8220;||||||||&#8220; body_font=&#8220;||||||||&#8220; custom_button=&#8220;on&#8220; button_font=&#8220;||||||||&#8220; body_font_size_tablet=&#8220;&#8220; body_font_size_phone=&#8220;14px&#8220; body_font_size_last_edited=&#8220;on|phone&#8220; custom_css_slide_description=&#8220;height: 550px&#8220; global_colors_info=&#8220;{}&#8220;][et_pb_slide button_link=&#8220;https:\/\/bogesz.hu\/betonacel-megmunkalo-gyor-rendeles-es-betonacel-arak\/&#8220; _builder_version=&#8220;4.16&#8243; header_level=&#8220;h2&#8243; header_font=&#8220;||||||||&#8220; header_text_color=&#8220;#056839&#8243; header_font_size=&#8220;60px&#8220; body_font=&#8220;||||||||&#8220; body_font_size=&#8220;20px&#8220; background_image=&#8220;https:\/\/bogesz.hu\/wp-content\/uploads\/2020\/10\/bogesz_slider_image.jpg&#8220; custom_button=&#8220;on&#8220; button_bg_color=&#8220;#056839&#8243; button_border_width=&#8220;1px&#8220; button_border_radius=&#8220;9px&#8220; button_letter_spacing=&#8220;1px&#8220; button_font=&#8220;||||||||&#8220; button_icon=&#8220;&#x49;||divi||400&#8243; button_icon_color=&#8220;#FFFFFF&#8220; button_icon_placement=&#8220;right&#8220; button_on_hover=&#8220;on&#8220; button_alignment=&#8220;center&#8220; text_orientation=&#8220;center&#8220; header_font_size_tablet=&#8220;&#8220; header_font_size_phone=&#8220;40px&#8220; header_font_size_last_edited=&#8220;on|phone&#8220; text_shadow_style=&#8220;preset1&#8243; text_shadow_horizontal_length=&#8220;0.25em&#8220; text_shadow_blur_strength=&#8220;0em&#8220; text_shadow_color=&#8220;#000000&#8243; global_colors_info=&#8220;{}&#8220; sticky_transition=&#8220;on&#8220;][\/et_pb_slide][et_pb_slide _builder_version=&#8220;4.16&#8243; background_image=&#8220;https:\/\/bogesz.hu\/wp-content\/uploads\/2020\/08\/bogesz-2006-kft-betonacel-uzemcsarnok_07-1024&#215;683-1.jpg&#8220; global_colors_info=&#8220;{}&#8220; sticky_transition=&#8220;on&#8220;][\/et_pb_slide][et_pb_slide _builder_version=&#8220;4.16&#8243; background_image=&#8220;https:\/\/bogesz.hu\/wp-content\/uploads\/2020\/08\/bogesz-2006-kft-betonacel-uzemcsarnok_22-1024&#215;1024-1.jpg&#8220; global_colors_info=&#8220;{}&#8220; sticky_transition=&#8220;on&#8220;][\/et_pb_slide][et_pb_slide _builder_version=&#8220;4.16&#8243; background_image=&#8220;https:\/\/bogesz.hu\/wp-content\/uploads\/2020\/08\/bogesz-2006-kft-betonacel-uzemcsarnok_10-1024&#215;683-1.jpg&#8220; global_colors_info=&#8220;{}&#8220; sticky_transition=&#8220;on&#8220;][\/et_pb_slide][et_pb_slide _builder_version=&#8220;4.16&#8243; background_image=&#8220;https:\/\/bogesz.hu\/wp-content\/uploads\/2020\/08\/bogesz-2006-kft-betonacel-uzemcsarnok_20-1024&#215;1024-1.jpg&#8220; global_colors_info=&#8220;{}&#8220; sticky_transition=&#8220;on&#8220;][\/et_pb_slide][\/et_pb_fullwidth_slider][\/et_pb_section][et_pb_section fb_built=&#8220;1&#8243; _builder_version=&#8220;4.16&#8243; custom_padding=&#8220;54px|0px|0|0px|false|false&#8220; global_colors_info=&#8220;{}&#8220;][et_pb_row column_structure=&#8220;1_2,1_2&#8243; _builder_version=&#8220;4.16&#8243; global_colors_info=&#8220;{}&#8220;][et_pb_column type=&#8220;1_2&#8243; _builder_version=&#8220;4.16&#8243; custom_padding=&#8220;|||&#8220; global_colors_info=&#8220;{}&#8220; custom_padding__hover=&#8220;|||&#8220;][et_pb_text _builder_version=&#8220;4.16&#8243; header_font=&#8220;||||||||&#8220; header_2_font=&#8220;||||||||&#8220; header_2_text_color=&#8220;#056839&#8243; header_2_font_size=&#8220;22px&#8220; custom_margin=&#8220;0px||&#8220; custom_padding=&#8220;0px||&#8220; global_colors_info=&#8220;{}&#8220;]<\/p>\n<h2 style=\"text-align: center;\"><strong>REZANIE BET\u00d3NOVEJ OCELE, OH\u00ddBANIE<\/strong><\/h2>\n<h2 style=\"text-align: center;\"><strong><br \/>R\u00ddCHLO, PRESNE, <br \/>ZA PRIJATE\u013dN\u00da CENU,<\/strong><strong><br \/><span style=\"text-decoration: underline;\">AJ FYZICK\u00ddM OSOB\u00c1M<\/span><\/strong><\/h2>\n<p>[\/et_pb_text][\/et_pb_column][et_pb_column type=&#8220;1_2&#8243; _builder_version=&#8220;4.16&#8243; custom_padding=&#8220;|||&#8220; global_colors_info=&#8220;{}&#8220; custom_padding__hover=&#8220;|||&#8220;][et_pb_text _builder_version=&#8220;4.16&#8243; text_font=&#8220;||||||||&#8220; text_text_color=&#8220;#000000&#8243; text_font_size=&#8220;17px&#8220; header_font=&#8220;||||||||&#8220; header_2_font=&#8220;||||||||&#8220; header_2_text_color=&#8220;#056839&#8243; global_colors_info=&#8220;{}&#8220;]<\/p>\n<p>&nbsp;<\/p>\n<p>&nbsp;<\/p>\n<p style=\"text-align: center;\">&#8230;preto\u017ee si mysl\u00edme, \u017ee v \u017eelezobet\u00f3novej kon\u0161trukcii nie je ni\u010d d\u00f4le\u017eitej\u0161ie ako ma\u0165 v nej oce\u013eov\u00fa v\u00fdstu\u017e!<\/p>\n<p style=\"text-align: center;\">\u00a0<\/p>\n<p style=\"text-align: center;\">\u00a0<\/p>\n<p>[\/et_pb_text][et_pb_text _builder_version=&#8220;4.16&#8243; text_font=&#8220;||||||||&#8220; text_text_color=&#8220;#000000&#8243; text_font_size=&#8220;20px&#8220; ul_font=&#8220;||||||||&#8220; ol_font=&#8220;||||||||&#8220; header_font=&#8220;||||||||&#8220; header_text_align=&#8220;center&#8220; text_orientation=&#8220;center&#8220; max_width=&#8220;90%&#8220; module_alignment=&#8220;center&#8220; global_colors_info=&#8220;{}&#8220;]<\/p>\n<p style=\"text-align: left;\"><span style=\"color: #008000;\">\u25b6<\/span> V spr\u00e1vnom \u010dase a na spr\u00e1vnom mieste;<\/p>\n<p style=\"text-align: left;\"><span style=\"color: #008000;\">\u25b6<\/span> V spr\u00e1vnej kvalite a vo zv\u00e4zkoch<\/p>\n<p style=\"text-align: left;\"><span style=\"color: #008000;\">\u25b6<\/span> V spr\u00e1vnom mno\u017estve<\/p>\n<p>[\/et_pb_text][\/et_pb_column][\/et_pb_row][\/et_pb_section][et_pb_section fb_built=&#8220;1&#8243; _builder_version=&#8220;4.16&#8243; bottom_divider_style=&#8220;arrow2&#8243; bottom_divider_color=&#8220;#056839&#8243; bottom_divider_height=&#8220;75px&#8220; global_colors_info=&#8220;{}&#8220;][et_pb_row _builder_version=&#8220;4.16&#8243; global_colors_info=&#8220;{}&#8220;][et_pb_column type=&#8220;4_4&#8243; _builder_version=&#8220;4.16&#8243; custom_padding=&#8220;|||&#8220; global_colors_info=&#8220;{}&#8220; custom_padding__hover=&#8220;|||&#8220;][et_pb_button button_url=&#8220;https:\/\/bogesz.hu\/galeria\/?lang=sk&#8220; button_text=&#8220;Prezrite si n\u00e1\u0161 z\u00e1vod s v\u00e4\u010d\u0161ou kapacitou!&#8220; button_alignment=&#8220;center&#8220; _builder_version=&#8220;4.16&#8243; custom_button=&#8220;on&#8220; button_text_color=&#8220;#FFFFFF&#8220; button_bg_color=&#8220;#056839&#8243; button_border_radius=&#8220;10px&#8220; button_letter_spacing=&#8220;1px&#8220; button_font=&#8220;||||||||&#8220; button_icon=&#8220;&#x49;||divi||400&#8243; custom_margin_tablet=&#8220;&#8220; custom_margin_phone=&#8220;-75px|||&#8220; custom_margin_last_edited=&#8220;on|phone&#8220; animation_style=&#8220;slide&#8220; animation_direction=&#8220;left&#8220; global_colors_info=&#8220;{}&#8220;][\/et_pb_button][\/et_pb_column][\/et_pb_row][\/et_pb_section][et_pb_section fb_built=&#8220;1&#8243; _builder_version=&#8220;4.16&#8243; top_divider_style=&#8220;slant&#8220; top_divider_color=&#8220;#056839&#8243; top_divider_height=&#8220;75px&#8220; bottom_divider_style=&#8220;arrow3&#8243; bottom_divider_color=&#8220;#056839&#8243; bottom_divider_height=&#8220;50px&#8220; global_colors_info=&#8220;{}&#8220;][et_pb_row _builder_version=&#8220;4.16&#8243; custom_padding=&#8220;27px|0px|0|0px|false|false&#8220; global_colors_info=&#8220;{}&#8220;][et_pb_column type=&#8220;4_4&#8243; _builder_version=&#8220;4.16&#8243; custom_padding=&#8220;|||&#8220; global_colors_info=&#8220;{}&#8220; custom_padding__hover=&#8220;|||&#8220;][et_pb_text _builder_version=&#8220;4.16&#8243; text_font=&#8220;||||||||&#8220; text_text_color=&#8220;#000000&#8243; text_font_size=&#8220;16px&#8220; header_font=&#8220;||||||||&#8220; header_2_font=&#8220;||||||||&#8220; header_2_text_color=&#8220;#056839&#8243; header_3_font=&#8220;||||||||&#8220; header_2_font_size_tablet=&#8220;&#8220; header_2_font_size_phone=&#8220;22px&#8220; header_2_font_size_last_edited=&#8220;on|phone&#8220; global_colors_info=&#8220;{}&#8220;]<\/p>\n<h2 style=\"text-align: center;\">\u00a0<\/h2>\n<h2 style=\"text-align: center;\">\u00a0<\/h2>\n<h2 style=\"text-align: center;\"><strong>Prij\u00edmame z\u00e1kazky pre fyzick\u00e9 ako aj pr\u00e1vnick\u00e9 osoby<br \/><\/strong><\/h2>\n<h2 style=\"text-align: center;\"><strong>na v\u00fdrobu beton\u00e1rskej v\u00fdstu\u017ee bez limitu mno\u017estva. <\/strong><\/h2>\n<p>&nbsp;<\/p>\n<h2 style=\"text-align: center;\"><span style=\"font-size: 16px; color: #000000;\">Firma BOGESZ 2006, s.r.o. s\u00eddliaca v Gy\u0151ri a jej pr\u00e1vny predchodca BOGESZ 2006 distribuuje od roku 2006 oce\u013eov\u00e9 ty\u010de,<br \/>kari sie\u0165 a pripravuje oh\u00fdban\u00fa a rezan\u00fa oce\u013eov\u00fa v\u00fdstu\u017e.<\/span><\/h2>\n<p>&nbsp;<\/p>\n<h2 style=\"text-align: center;\"><strong>Na\u0161a v\u00fdrobn\u00e1 kapacita: 1500 ton\/mesiac\/zmena<\/strong><\/h2>\n<p style=\"text-align: center;\">\u00a0<\/p>\n<h2 style=\"text-align: center;\">\u00a0<\/h2>\n<p>[\/et_pb_text][et_pb_text _builder_version=&#8220;4.16&#8243; text_font=&#8220;||||||||&#8220; text_text_color=&#8220;#000000&#8243; text_font_size=&#8220;16px&#8220; header_font=&#8220;||||||||&#8220; header_2_font=&#8220;||||||||&#8220; header_2_text_color=&#8220;#056839&#8243; header_3_font=&#8220;||||||||&#8220; max_width=&#8220;70%&#8220; module_alignment=&#8220;center&#8220; text_font_size_tablet=&#8220;&#8220; text_font_size_phone=&#8220;15px&#8220; text_font_size_last_edited=&#8220;on|phone&#8220; header_2_font_size_tablet=&#8220;&#8220; header_2_font_size_phone=&#8220;18px&#8220; header_2_font_size_last_edited=&#8220;on|phone&#8220; global_colors_info=&#8220;{}&#8220;]<\/p>\n<h2 style=\"text-align: center;\"><strong>Na\u0161e \u010dinnosti:<\/strong><\/h2>\n<p style=\"text-align: left;\">\u00a0<\/p>\n<p style=\"text-align: left;\"><span style=\"color: #008000;\">\u25b6<\/span> Strojov\u00e9 a ru\u010dn\u00e9 oh\u00fdbanie a rezanie v\u00fdstu\u017e\u00ed<\/p>\n<p style=\"text-align: left;\"><span style=\"color: #008000;\">\u25b6<\/span> Predaj oh\u00fdbanej a rezanej beton\u00e1rskej v\u00fdstu\u017ee, resp. kari roho\u017e\u00ed po celom \u00fazem\u00ed Ma\u010farska<\/p>\n<p style=\"text-align: left;\"><span style=\"color: #008000;\">\u25b6<\/span> Doprava beton\u00e1rskej ocele po celom \u00fazem\u00ed Ma\u010farska<\/p>\n<p style=\"text-align: left;\"><span style=\"color: #008000;\">\u25b6<\/span> Pokl\u00e1dka beton\u00e1rskej v\u00fdstu\u017ee v Gy\u0151ri a v okol\u00ed, <span style=\"color: #008000;\"><strong>ktor\u00e9 zabezpe\u010dujeme prostredn\u00edctvom na\u0161ej pridru\u017eenej firmy <\/strong><\/span><strong><a href=\"http:\/\/bjb.hu\/\">BJB-System s.r.o.<\/a><\/strong><\/p>\n<p>&nbsp;<\/p>\n<p>[\/et_pb_text][et_pb_divider divider_weight=&#8220;3px&#8220; _builder_version=&#8220;4.16&#8243; max_width=&#8220;40%&#8220; module_alignment=&#8220;center&#8220; global_colors_info=&#8220;{}&#8220;][\/et_pb_divider][et_pb_text _builder_version=&#8220;4.16&#8243; text_font=&#8220;||||||||&#8220; text_text_color=&#8220;#000000&#8243; text_font_size=&#8220;16px&#8220; max_width=&#8220;35%&#8220; max_width_tablet=&#8220;&#8220; max_width_phone=&#8220;100%&#8220; max_width_last_edited=&#8220;on|phone&#8220; module_alignment=&#8220;left&#8220; global_colors_info=&#8220;{}&#8220;][\/et_pb_text][\/et_pb_column][\/et_pb_row][\/et_pb_section][et_pb_section fb_built=&#8220;1&#8243; _builder_version=&#8220;4.16&#8243; top_divider_style=&#8220;arrow&#8220; top_divider_color=&#8220;#056839&#8243; top_divider_height=&#8220;50px&#8220; top_divider_flip=&#8220;vertical&#8220; global_colors_info=&#8220;{}&#8220;][et_pb_row column_structure=&#8220;1_2,1_2&#8243; _builder_version=&#8220;4.16&#8243; global_colors_info=&#8220;{}&#8220;][et_pb_column type=&#8220;1_2&#8243; _builder_version=&#8220;4.16&#8243; custom_padding=&#8220;|||&#8220; global_colors_info=&#8220;{}&#8220; custom_padding__hover=&#8220;|||&#8220;][et_pb_image src=&#8220;https:\/\/bogesz.hu\/wp-content\/uploads\/2020\/08\/bogesz-2006-kft-ginop-1.2.3-8-3-4-16-2017-00564.png&#8220; align_tablet=&#8220;center&#8220; align_phone=&#8220;&#8220; align_last_edited=&#8220;on|desktop&#8220; _builder_version=&#8220;4.25.1&#8243; animation_style=&#8220;slide&#8220; animation_direction=&#8220;left&#8220; hover_enabled=&#8220;0&#8243; global_colors_info=&#8220;{}&#8220; show_in_lightbox=&#8220;on&#8220; sticky_enabled=&#8220;0&#8243;][\/et_pb_image][et_pb_divider divider_weight=&#8220;3px&#8220; _builder_version=&#8220;4.16&#8243; max_width=&#8220;50%&#8220; module_alignment=&#8220;center&#8220; animation_style=&#8220;fold&#8220; animation_direction=&#8220;left&#8220; global_colors_info=&#8220;{}&#8220;][\/et_pb_divider][\/et_pb_column][et_pb_column type=&#8220;1_2&#8243; _builder_version=&#8220;4.16&#8243; custom_padding=&#8220;|||&#8220; global_colors_info=&#8220;{}&#8220; custom_padding__hover=&#8220;|||&#8220;][et_pb_image src=&#8220;https:\/\/bogesz.hu\/wp-content\/uploads\/2020\/08\/szechenyi-2020-tabla_2019-01-11-scaled.jpg&#8220; align_tablet=&#8220;center&#8220; align_phone=&#8220;&#8220; align_last_edited=&#8220;on|desktop&#8220; _builder_version=&#8220;4.25.1&#8243; animation_style=&#8220;slide&#8220; animation_direction=&#8220;left&#8220; hover_enabled=&#8220;0&#8243; global_colors_info=&#8220;{}&#8220; show_in_lightbox=&#8220;on&#8220; sticky_enabled=&#8220;0&#8243;][\/et_pb_image][et_pb_divider divider_weight=&#8220;3px&#8220; _builder_version=&#8220;4.16&#8243; max_width=&#8220;50%&#8220; module_alignment=&#8220;center&#8220; animation_style=&#8220;fold&#8220; animation_direction=&#8220;left&#8220; global_colors_info=&#8220;{}&#8220;][\/et_pb_divider][\/et_pb_column][\/et_pb_row][\/et_pb_section]<\/p>\n","protected":false},"excerpt":{"rendered":"<p>REZANIE BET\u00d3NOVEJ OCELE, OH\u00ddBANIE R\u00ddCHLO, PRESNE, ZA PRIJATE\u013dN\u00da CENU,AJ FYZICK\u00ddM OSOB\u00c1M&nbsp; &nbsp; &#8230;preto\u017ee si mysl\u00edme, \u017ee v \u017eelezobet\u00f3novej kon\u0161trukcii nie je ni\u010d d\u00f4le\u017eitej\u0161ie ako ma\u0165 v nej oce\u013eov\u00fa v\u00fdstu\u017e! \u00a0 \u00a0\u25b6 V spr\u00e1vnom \u010dase a na spr\u00e1vnom mieste; \u25b6 V spr\u00e1vnej kvalite a vo zv\u00e4zkoch \u25b6 V spr\u00e1vnom mno\u017estve\u00a0 \u00a0 Prij\u00edmame z\u00e1kazky pre fyzick\u00e9 ako [&hellip;]<\/p>\n","protected":false},"author":1,"featured_media":0,"parent":0,"menu_order":0,"comment_status":"closed","ping_status":"closed","template":"","meta":{"_et_pb_use_builder":"on","_et_pb_old_content":"","_et_gb_content_width":"","footnotes":""},"class_list":["post-691","page","type-page","status-publish","hentry"],"_links":{"self":[{"href":"https:\/\/bogesz.hu\/sk\/wp-json\/wp\/v2\/pages\/691","targetHints":{"allow":["GET"]}}],"collection":[{"href":"https:\/\/bogesz.hu\/sk\/wp-json\/wp\/v2\/pages"}],"about":[{"href":"https:\/\/bogesz.hu\/sk\/wp-json\/wp\/v2\/types\/page"}],"author":[{"embeddable":true,"href":"https:\/\/bogesz.hu\/sk\/wp-json\/wp\/v2\/users\/1"}],"replies":[{"embeddable":true,"href":"https:\/\/bogesz.hu\/sk\/wp-json\/wp\/v2\/comments?post=691"}],"version-history":[{"count":11,"href":"https:\/\/bogesz.hu\/sk\/wp-json\/wp\/v2\/pages\/691\/revisions"}],"predecessor-version":[{"id":9698,"href":"https:\/\/bogesz.hu\/sk\/wp-json\/wp\/v2\/pages\/691\/revisions\/9698"}],"wp:attachment":[{"href":"https:\/\/bogesz.hu\/sk\/wp-json\/wp\/v2\/media?parent=691"}],"curies":[{"name":"wp","href":"https:\/\/api.w.org\/{rel}","templated":true}]}}